{"id":6394,"date":"2022-12-14T15:14:48","date_gmt":"2022-12-14T20:14:48","guid":{"rendered":"https:\/\/henryjaustin.org\/preeti-bhandari-copy\/"},"modified":"2022-12-21T09:30:40","modified_gmt":"2022-12-21T14:30:40","slug":"preeti-bhandari-mbbs-mph-mspm","status":"publish","type":"page","link":"https:\/\/henryjaustin.org\/es\/preeti-bhandari-mbbs-mph-mspm\/","title":{"rendered":"Preeti Bhandari, MBBS, MPH, MSPM"},"content":{"rendered":"<div class=\"wpb-content-wrapper\"><div class=\"webique_vc_row_wrap webique_general_colors\"><div class=\"vc_row wpb_row vc_row-fluid\"><div class=\"wpb_column vc_column_container vc_col-sm-8\"><div class=\"vc_column-inner\"><div class=\"wpb_wrapper\"><div class=\"vc_empty_space\"   style=\"height: 43px\"><span class=\"vc_empty_space_inner\"><\/span><\/div>\n\t<div class=\"wpb_text_column wpb_content_element\" >\n\t\t<div class=\"wpb_wrapper\">\n\t\t\t<p><strong>Coordinador de Programas e Investigaci\u00f3n<\/strong><\/p>\n<p><span data-contrast=\"none\">Preeti Bhandari se incorpor\u00f3 a Henry J Austin Health Center en 2019 como coordinadora de programas e investigaci\u00f3n. Preeti cuenta con m\u00e1s de 10 a\u00f1os de experiencia de trabajo en el sector sanitario como m\u00e9dico y administradora, con \u00e9nfasis en la prestaci\u00f3n de atenci\u00f3n sanitaria de calidad, el desarrollo y la ejecuci\u00f3n de proyectos sanitarios en hospitales, atenci\u00f3n primaria y organizaciones sanitarias sin \u00e1nimo de lucro<\/span><i><span data-contrast=\"none\">.<\/span><\/i><span data-contrast=\"none\">A lo largo de su carrera, Preeti ha defendido la medicina preventiva y la educaci\u00f3n sanitaria para animar y capacitar a las comunidades a cuidar mejor de su salud. Su pasi\u00f3n por las comunidades sanas y seguras la ha motivado a desarrollar, ayudar y trabajar en proyectos sanitarios que promuevan y proporcionen atenci\u00f3n sanitaria basada en pruebas y educaci\u00f3n para todos, en especial para los que viven en comunidades con pocos recursos o carentes de servicios, de modo que puedan recibir una atenci\u00f3n de calidad a un coste asequible. Preeti se centra en tomar decisiones basadas en datos para mejorar los apoyos y los resultados cl\u00ednicos y de los pacientes.<\/span><span data-ccp-props=\"{&quot;134233117&quot;:false,&quot;134233118&quot;:false,&quot;201341983&quot;:0,&quot;335551550&quot;:6,&quot;335551620&quot;:6,&quot;335559738&quot;:0,&quot;335559739&quot;:0,&quot;335559740&quot;:240}\">\u00a0<\/span><\/p>\n<p><span data-contrast=\"none\">Preeti se licenci\u00f3 en Medicina en Nepal. Tiene un m\u00e1ster en Salud P\u00fablica con especializaci\u00f3n en Administraci\u00f3n Sanitaria de San Diego, California. Adem\u00e1s, tiene un m\u00e1ster en Gesti\u00f3n de Proyectos de Harrisburg, Pensilvania. En su tiempo libre, Preeti disfruta haciendo senderismo, yoga y pasando tiempo con amigos y familiares.<\/span><span data-ccp-props=\"{&quot;134233117&quot;:false,&quot;134233118&quot;:false,&quot;201341983&quot;:0,&quot;335551550&quot;:6,&quot;335551620&quot;:6,&quot;335559738&quot;:0,&quot;335559739&quot;:0,&quot;335559740&quot;:240}\">\u00a0<\/span><\/p>\n<div class=\"contactLinkDetailContent-971\">\n<div class=\"contentLines-308\" aria-hidden=\"true\">\n<p class=\"contactLinkLabel-976\"><strong>P\u00f3ngase en contacto:<br \/>\n<\/strong>Calle Ewing, 112<br \/>\nTrenton, NJ 08609<br \/>\nTel\u00e9fono de la oficina: (609) 278-6009<br \/>\nCorreo electr\u00f3nico: <a href=\"mailto:preeti.bhandari@henryjaustin.org\">preeti.bhandari@henryjaustin.org<\/a><\/p>\n<\/div>\n<\/div>\n\n\t\t<\/div>\n\t<\/div>\n<\/div><\/div><\/div><div class=\"wpb_column vc_column_container vc_col-sm-4\"><div class=\"vc_column-inner\"><div class=\"wpb_wrapper\"><div class=\"vc_empty_space\"   style=\"height: 43px\"><span class=\"vc_empty_space_inner\"><\/span><\/div>\n\t<div  class=\"wpb_single_image wpb_content_element vc_align_left wpb_content_element vc_custom_1665674979734\">\n\t\t\n\t\t<figure class=\"wpb_wrapper vc_figure\">\n\t\t\t<div class=\"vc_single_image-wrapper vc_box_circle  vc_box_border_grey\"><img decoding=\"async\" width=\"150\" height=\"150\" data-src=\"https:\/\/henryjaustin.org\/wp-content\/uploads\/2022\/10\/Screen-Shot-2022-10-07-at-12.18.54-PM-150x150.png\" class=\"vc_single_image-img attachment-thumbnail lazyload\" alt=\"\" title=\"Captura de pantalla 2022-10-07 a las 12.18.54 PM\" data-srcset=\"https:\/\/henryjaustin.org\/wp-content\/uploads\/2022\/10\/Screen-Shot-2022-10-07-at-12.18.54-PM-150x150.png 150w, https:\/\/henryjaustin.org\/wp-content\/uploads\/2022\/10\/Screen-Shot-2022-10-07-at-12.18.54-PM-12x12.png 12w, https:\/\/henryjaustin.org\/wp-content\/uploads\/2022\/10\/Screen-Shot-2022-10-07-at-12.18.54-PM-90x90.png 90w, https:\/\/henryjaustin.org\/wp-content\/uploads\/2022\/10\/Screen-Shot-2022-10-07-at-12.18.54-PM-250x250.png 250w, https:\/\/henryjaustin.org\/wp-content\/uploads\/2022\/10\/Screen-Shot-2022-10-07-at-12.18.54-PM-600x600.png 600w, https:\/\/henryjaustin.org\/wp-content\/uploads\/2022\/10\/Screen-Shot-2022-10-07-at-12.18.54-PM-300x300.png 300w, https:\/\/henryjaustin.org\/wp-content\/uploads\/2022\/10\/Screen-Shot-2022-10-07-at-12.18.54-PM-100x100.png 100w\" data-sizes=\"(max-width: 150px) 100vw, 150px\" src=\"data:image\/svg+xml;base64,PHN2ZyB3aWR0aD0iMSIgaGVpZ2h0PSIxIiB4bWxucz0iaHR0cDovL3d3dy53My5vcmcvMjAwMC9zdmciPjwvc3ZnPg==\" style=\"--smush-placeholder-width: 150px; --smush-placeholder-aspect-ratio: 150\/150;\" \/><\/div>\n\t\t<\/figure>\n\t<\/div>\n<div  class=\"vc_wp_custommenu wpb_content_element\"><div class=\"widget widget_nav_menu\"><div class=\"menu-research-short-container\"><ul id=\"menu-research-short\" class=\"menu\"><li id=\"menu-item-5647\" class=\"menu-item menu-item-type-post_type menu-item-object-page menu-item-5647 webique_standard_menu\"><a href=\"https:\/\/henryjaustin.org\/es\/research-overview\/\"><span class=\"webique_nav_title_wrap\"><span class=\"webique_nav_title\">Resumen de la investigaci\u00f3n<\/span><\/span><\/a><\/li>\n<li id=\"menu-item-5642\" class=\"menu-item menu-item-type-post_type menu-item-object-page menu-item-5642 webique_standard_menu\"><a href=\"https:\/\/henryjaustin.org\/es\/publications\/\"><span class=\"webique_nav_title_wrap\"><span class=\"webique_nav_title\">Publicaciones<\/span><\/span><\/a><\/li>\n<li id=\"menu-item-5643\" class=\"menu-item menu-item-type-post_type menu-item-object-page menu-item-5643 webique_standard_menu\"><a href=\"https:\/\/henryjaustin.org\/es\/projects\/\"><span class=\"webique_nav_title_wrap\"><span class=\"webique_nav_title\">Proyectos<\/span><\/span><\/a><\/li>\n<li id=\"menu-item-5644\" class=\"menu-item menu-item-type-custom menu-item-object-custom menu-item-5644 webique_standard_menu\"><a href=\"https:\/\/henryjaustin.org\/es\/overview\/\"><span class=\"webique_nav_icon fa fa-chevron-right\"><\/span><span class=\"webique_nav_title_wrap\"><span class=\"webique_nav_title\">IRB<\/span><\/span><\/a><\/li>\n<li id=\"menu-item-5650\" class=\"menu-item menu-item-type-post_type menu-item-object-page menu-item-5650 webique_standard_menu\"><a href=\"https:\/\/henryjaustin.org\/es\/contact-research\/\"><span class=\"webique_nav_title_wrap\"><span class=\"webique_nav_title\">Contacto con la investigaci\u00f3n<\/span><\/span><\/a><\/li>\n<\/ul><\/div><\/div><\/div><\/div><\/div><\/div><\/div><\/div><div class=\"webique_vc_row_wrap webique_general_colors\"><div data-vc-full-width=\"true\" data-vc-full-width-init=\"false\" data-vc-stretch-content=\"true\" data-vc-parallax=\"1.5\" data-vc-parallax-image=\"https:\/\/henryjaustin.org\/wp-content\/uploads\/2022\/08\/AdobeStock_429557829-scaled.jpeg\" class=\"vc_row wpb_row vc_row-fluid vc_custom_1665177951824 vc_row-has-fill vc_general vc_parallax vc_parallax-content-moving\"><div class=\"wpb_column vc_column_container vc_col-sm-4 vc_hidden-xs\"><div class=\"vc_column-inner\"><div class=\"wpb_wrapper\"><div class=\"vc_empty_space\"   style=\"height: 150px\"><span class=\"vc_empty_space_inner\"><\/span><\/div><!-- start Icon Hover Effect Button -->\n\t\t<link id='font-awsome-css' href='https:\/\/henryjaustin.org\/wp-content\/plugins\/unlimited-addons-for-wpbakery-page-builder\/assets_libraries\/font-awsome\/css\/font-awesome.min.css' type='text\/css' rel='stylesheet' >\n\t\t<link id='uc_ac_assets_file_uc_icon_hover_effect_button_css_2868-css' href='https:\/\/henryjaustin.org\/wp-content\/uploads\/ac_assets\/uc_icon_hover_effect_button\/uc_icon_hover_effect_button.css' type='text\/css' rel='stylesheet' >\n\n\t\t\t<style type=\"text\/css\">\/* addon: Icon Hover Effect Button *\/\n\n.uc_icon_hover_effect_button .uc_container_holder .uc_color-5 {\n\tbackground:none;\n\n}\n\n<\/style>\n\n\t\t\t<div class=\"uc_icon_hover_effect_button\" >\n    \t<div class=\"uc_container_holder\" style=\"text-align:center;\">\n            <div class=\"uc_color-5\">\n                <a style=\"background: #F68A04;text-align:center;\" href=\"https:\/\/henryjaustin.org\/es\/irb-forms\/\" class=\"uc_btn uc_btn-5 uc_btn-5a uc_icon-cart\" target=\"_blank\"><i class=\"fa fa-file-pdf-o\" aria-hidden=\"true\"><\/i><span>Formularios IRB<\/span><\/a>\n            <\/div>  \n        <\/div>\n    <\/div>\n\t\t\t<!-- end Icon Hover Effect Button --><div class=\"vc_empty_space\"   style=\"height: 132px\"><span class=\"vc_empty_space_inner\"><\/span><\/div><\/div><\/div><\/div><div class=\"wpb_column vc_column_container vc_col-sm-4 vc_hidden-xs\"><div class=\"vc_column-inner\"><div class=\"wpb_wrapper\"><div class=\"vc_empty_space\"   style=\"height: 150px\"><span class=\"vc_empty_space_inner\"><\/span><\/div><!-- start Icon Hover Effect Button -->\n\n\t\t\t<style type=\"text\/css\">\/* addon: Icon Hover Effect Button *\/\n\n.uc_icon_hover_effect_button .uc_container_holder .uc_color-5 {\n\tbackground:none;\n\n}\n\n<\/style>\n\n\t\t\t<div class=\"uc_icon_hover_effect_button\" >\n    \t<div class=\"uc_container_holder\" style=\"text-align:center;\">\n            <div class=\"uc_color-5\">\n                <a style=\"background: #F68A04;text-align:center;\" href=\"https:\/\/henryjaustin.org\/es\/donate\/\" class=\"uc_btn uc_btn-5 uc_btn-5a uc_icon-cart\" target=\"_self\"><i class=\"fa fa-money\" aria-hidden=\"true\"><\/i><span>Apoyar la investigaci\u00f3n<\/span><\/a>\n            <\/div>  \n        <\/div>\n    <\/div>\n\t\t\t<!-- end Icon Hover Effect Button --><div class=\"vc_empty_space\"   style=\"height: 132px\"><span class=\"vc_empty_space_inner\"><\/span><\/div><\/div><\/div><\/div><div class=\"wpb_column vc_column_container vc_col-sm-4 vc_hidden-xs\"><div class=\"vc_column-inner\"><div class=\"wpb_wrapper\"><div class=\"vc_empty_space\"   style=\"height: 150px\"><span class=\"vc_empty_space_inner\"><\/span><\/div><!-- start Icon Hover Effect Button -->\n\n\t\t\t<style type=\"text\/css\">\/* addon: Icon Hover Effect Button *\/\n\n.uc_icon_hover_effect_button .uc_container_holder .uc_color-5 {\n\tbackground:none;\n\n}\n\n<\/style>\n\n\t\t\t<div class=\"uc_icon_hover_effect_button\" >\n    \t<div class=\"uc_container_holder\" style=\"text-align:center;\">\n            <div class=\"uc_color-5\">\n                <a style=\"background: #F68A04;text-align:center;\" href=\"https:\/\/henryjaustin.org\/es\/contact-research\/\" class=\"uc_btn uc_btn-5 uc_btn-5a uc_icon-cart\" target=\"_blank\"><i class=\"fa fa-edit\" aria-hidden=\"true\"><\/i><span>Contacto con la investigaci\u00f3n<\/span><\/a>\n            <\/div>  \n        <\/div>\n    <\/div>\n\t\t\t<!-- end Icon Hover Effect Button --><div class=\"vc_empty_space\"   style=\"height: 132px\"><span class=\"vc_empty_space_inner\"><\/span><\/div><\/div><\/div><\/div><\/div><\/div><div class=\"vc_row-full-width vc_clearfix\"><\/div><div class=\"webique_vc_row_wrap webique_general_colors\"><div data-vc-full-width=\"true\" data-vc-full-width-init=\"false\" class=\"vc_row wpb_row vc_row-fluid mobile-footer-gap vc_custom_1663181100912 vc_row-has-fill\"><div class=\"wpb_column vc_column_container vc_col-sm-12\"><div class=\"vc_column-inner\"><div class=\"wpb_wrapper\">\n\t<div class=\"wpb_text_column wpb_content_element wpb_animate_when_almost_visible wpb_bounceInLeft bounceInLeft\" >\n\t\t<div class=\"wpb_wrapper\">\n\t\t\t<h1 style=\"text-align: center;\"><span style=\"color: #ffffff;\">\u00bfQuieres recibir las \u00faltimas noticias de HJAHC?<\/span><\/h1>\n\n\t\t<\/div>\n\t<\/div>\n<div class=\"vc_tta-container\" data-vc-action=\"collapse\"><div class=\"vc_general vc_tta vc_tta-accordion vc_tta-style-webique_style vc_tta-o-shape-group vc_tta-controls-align-default vc_custom_1662824197120 webique_vc_accordion webique_vc_tta\"><div class=\"vc_tta-panels-container\"><div class=\"vc_tta-panels\"><div class=\"vc_tta-panel\" id=\"1662823910006-385a8b88-80f51fd7-59cd\" data-vc-content=\".vc_tta-panel-body\"><div class=\"vc_tta-panel-heading\"><h4 class=\"vc_tta-panel-title vc_tta-controls-icon-position-left\"><a href=\"#1662823910006-385a8b88-80f51fd7-59cd\" data-vc-accordion data-vc-container=\".vc_tta-container\"><span class=\"vc_tta-title-text\">Inscr\u00edbase hoy mismo.<\/span><i class=\"vc_tta-controls-icon vc_tta-controls-icon-plus\"><\/i><\/a><\/h4><\/div><div class=\"vc_tta-panel-body\">\n\t<div class=\"wpb_text_column wpb_content_element\" >\n\t\t<div class=\"wpb_wrapper\">\n\t\t\t<p style=\"text-align: center;\"><div data-form-id=\"5798\" id=\"ctct-form-wrapper-0\" class=\"ctct-form-wrapper\"><form class=\"ctct-form ctct-form-5798 comment-form  no-recaptcha ctct-default\" id=\"ctct-form-2550887437\" data-doajax=\"on\" style=\"\" action=\"\" method=\"post\" data-trp-original-action=\"\"><p class=\"ctct-form-field ctct-form-field-text\"><span class=\"ctct-label-top\"><label for=\"first_name___ffcb7692a18eebfcb8f672b95ce673c1_0_1056104101\">Nombre <\/label><\/span><input aria-required=\"false\"  type=\"text\" id=\"first_name___ffcb7692a18eebfcb8f672b95ce673c1_0_1056104101\" name=\"first_name___ffcb7692a18eebfcb8f672b95ce673c1\"  value=\"\" class=\"ctct-text ctct-label-top first_name___ffcb7692a18eebfcb8f672b95ce673c1\" maxlength=\"255\" placeholder=\"Enter your first name\"   \/><\/p><p class=\"ctct-form-field ctct-form-field-email ctct-form-field-required\"><span class=\"ctct-label-top\"><label for=\"email___c40d71865cb6c395ed33dd5dd8d5e578_0_2404649123\">Correo electr\u00f3nico (obligatorio) <span class=\"ctct-required-indicatior\" title=\"This is a required field\">*<\/span><\/label><\/span><input required aria-required=\"true\"  type=\"email\" id=\"email___c40d71865cb6c395ed33dd5dd8d5e578_0_2404649123\" name=\"email___c40d71865cb6c395ed33dd5dd8d5e578\"  value=\"\" class=\"ctct-email ctct-label-top email___c40d71865cb6c395ed33dd5dd8d5e578\"  placeholder=\"Enter your email address\"   \/><\/p><div class='ctct-list-selector' style='display:none;'><div class=\"ctct-form-field ctct-form-field-checkbox ctct-form-field-required\"><fieldset><legend class=\"ctct-label-top\">Seleccione la(s) lista(s) a la(s) que desea suscribirse<\/legend><input type=\"checkbox\" name=\"lists___57a1a821a887f8fb275085e47be591ee[]\" id=\"lists___57a1a821a887f8fb275085e47be591ee_0_0\" value=\"1934414670\" class=\"ctct-checkbox ctct-label-right\" checked \/><span class=\"ctct-label-right\"><label for=\"lists___57a1a821a887f8fb275085e47be591ee_0_0\">Inscripci\u00f3n en el sitio web<\/label><\/span><\/fieldset><\/div><\/div><div class=\"ctct-optin-hide\" style=\"display:none;\"><p class=\"ctct-form-field ctct-form-field-checkbox\"><span class=\"ctct-input-container\"><input type=\"checkbox\" checked name=\"ctct-opt-in\" class=\"ctct-checkbox ctct-opt-in\" value=\"1\" id=\"ctct-opt-in_0\" \/><label for=\"ctct-opt-in_0\"> Ejemplo: S\u00ed, me gustar\u00eda recibir correos electr\u00f3nicos de Henry J. Austin Health Center. (Puede cancelar la suscripci\u00f3n en cualquier momento)<\/label><\/span><\/p><\/div><!--.ctct-optin-hide --><p class=\"ctct-form-field ctct-form-field-submit\"><input aria-required=\"false\"  type=\"submit\" id=\"ctct-submitted_0_1403654309\" name=\"ctct-submitted\"  value=\"Inscr\u00edbete\" class=\"ctct-submit ctct-label-top ctct-submitted\"     \/><\/p><div class=\"ctct_usage\" style=\"border: 0 none; clip: rect( 0, 0, 0, 0 ); height: 1px; margin: -1px; overflow: hidden; padding: 0; position: absolute; width: 1px;\"><label for=\"ctct_usage_field\">Uso de Constant Contact. Por favor, deje este campo en blanco.<\/label><input type=\"text\" value=\"\" id=\"ctct_usage_field\" name=\"ctct_usage_field\" class=\"ctct_usage_field\" tabindex=\"-1\" \/><\/div><input type=\"hidden\" name=\"ctct-id\" value=\"5798\" \/><input type=\"hidden\" name=\"ctct-verify\" value=\"txSgrhKaHIwDxpPCdWjw7JKHY\" \/><input type=\"hidden\" name=\"ctct-instance\" value=\"0\" \/><input type=\"hidden\" name=\"ctct_time\" value=\"1778843250\" \/><input type=\"hidden\" name=\"trp-form-language\" value=\"es\"\/><\/form><script type=\"text\/javascript\">var ajaxurl = \"https:\/\/henryjaustin.org\/wp-admin\/admin-ajax.php\";<\/script><\/div>\n\n\t\t<\/div>\n\t<\/div>\n<\/div><\/div><\/div><\/div><\/div><\/div><\/div><\/div><\/div><\/div><\/div><div class=\"vc_row-full-width vc_clearfix\"><\/div>\n<\/div>","protected":false},"excerpt":{"rendered":"Coordinadora de programas e investigaci\u00f3n Preeti Bhandari se incorpor\u00f3 a Henry J Austin Health Center en 2019 como coordinadora de programas e investigaci\u00f3n. Preeti cuenta con m\u00e1s de 10 a\u00f1os de experiencia de trabajo en el sector sanitario como m\u00e9dico y administradora con \u00e9nfasis en proporcionar...","protected":false},"author":18,"featured_media":0,"parent":0,"menu_order":0,"comment_status":"closed","ping_status":"closed","template":"","meta":{"_acf_changed":false,"_monsterinsights_skip_tracking":false,"_monsterinsights_sitenote_active":false,"_monsterinsights_sitenote_note":"","_monsterinsights_sitenote_category":0,"footnotes":""},"class_list":["post-6394","page","type-page","status-publish","hentry"],"acf":[],"yoast_head":"<!-- This site is optimized with the Yoast SEO plugin v27.4 - https:\/\/yoast.com\/product\/yoast-seo-wordpress\/ -->\n<title>Preeti Bhandari, MBBS, MPH, MSPM - Henry J. Austin Health Center<\/title>\n<meta name=\"robots\" content=\"index, follow, max-snippet:-1, max-image-preview:large, max-video-preview:-1\" \/>\n<link rel=\"canonical\" href=\"https:\/\/henryjaustin.org\/es\/preeti-bhandari-mbbs-mph-mspm\/\" \/>\n<meta property=\"og:locale\" content=\"es_MX\" \/>\n<meta property=\"og:type\" content=\"article\" \/>\n<meta property=\"og:title\" content=\"Preeti Bhandari, MBBS, MPH, MSPM - Henry J. Austin Health Center\" \/>\n<meta property=\"og:url\" content=\"https:\/\/henryjaustin.org\/es\/preeti-bhandari-mbbs-mph-mspm\/\" \/>\n<meta property=\"og:site_name\" content=\"Henry J. Austin Health Center\" \/>\n<meta property=\"article:publisher\" content=\"https:\/\/www.facebook.com\/HJAHCNJ\/\" \/>\n<meta property=\"article:modified_time\" content=\"2022-12-21T14:30:40+00:00\" \/>\n<meta name=\"twitter:card\" content=\"summary_large_image\" \/>\n<meta name=\"twitter:site\" content=\"@HJAHC\" \/>\n<meta name=\"twitter:label1\" content=\"Tiempo de lectura\" \/>\n\t<meta name=\"twitter:data1\" content=\"2 minutos\" \/>\n<script type=\"application\/ld+json\" class=\"yoast-schema-graph\">{\"@context\":\"https:\\\/\\\/schema.org\",\"@graph\":[{\"@type\":\"WebPage\",\"@id\":\"https:\\\/\\\/henryjaustin.org\\\/preeti-bhandari-mbbs-mph-mspm\\\/\",\"url\":\"https:\\\/\\\/henryjaustin.org\\\/preeti-bhandari-mbbs-mph-mspm\\\/\",\"name\":\"Preeti Bhandari, MBBS, MPH, MSPM - Henry J. Austin Health Center\",\"isPartOf\":{\"@id\":\"https:\\\/\\\/henryjaustin.org\\\/#website\"},\"datePublished\":\"2022-12-14T20:14:48+00:00\",\"dateModified\":\"2022-12-21T14:30:40+00:00\",\"breadcrumb\":{\"@id\":\"https:\\\/\\\/henryjaustin.org\\\/preeti-bhandari-mbbs-mph-mspm\\\/#breadcrumb\"},\"inLanguage\":\"es\",\"potentialAction\":[{\"@type\":\"ReadAction\",\"target\":[\"https:\\\/\\\/henryjaustin.org\\\/preeti-bhandari-mbbs-mph-mspm\\\/\"]}]},{\"@type\":\"BreadcrumbList\",\"@id\":\"https:\\\/\\\/henryjaustin.org\\\/preeti-bhandari-mbbs-mph-mspm\\\/#breadcrumb\",\"itemListElement\":[{\"@type\":\"ListItem\",\"position\":1,\"name\":\"Home\",\"item\":\"https:\\\/\\\/henryjaustin.org\\\/\"},{\"@type\":\"ListItem\",\"position\":2,\"name\":\"Preeti Bhandari, MBBS, MPH, MSPM\"}]},{\"@type\":\"WebSite\",\"@id\":\"https:\\\/\\\/henryjaustin.org\\\/#website\",\"url\":\"https:\\\/\\\/henryjaustin.org\\\/\",\"name\":\"Henry J. Austin Health Center\",\"description\":\"The Center for Wellness\",\"publisher\":{\"@id\":\"https:\\\/\\\/henryjaustin.org\\\/#organization\"},\"potentialAction\":[{\"@type\":\"SearchAction\",\"target\":{\"@type\":\"EntryPoint\",\"urlTemplate\":\"https:\\\/\\\/henryjaustin.org\\\/?s={search_term_string}\"},\"query-input\":{\"@type\":\"PropertyValueSpecification\",\"valueRequired\":true,\"valueName\":\"search_term_string\"}}],\"inLanguage\":\"es\"},{\"@type\":\"Organization\",\"@id\":\"https:\\\/\\\/henryjaustin.org\\\/#organization\",\"name\":\"Henry J. Austin Health Center\",\"url\":\"https:\\\/\\\/henryjaustin.org\\\/\",\"logo\":{\"@type\":\"ImageObject\",\"inLanguage\":\"es\",\"@id\":\"https:\\\/\\\/henryjaustin.org\\\/#\\\/schema\\\/logo\\\/image\\\/\",\"url\":\"https:\\\/\\\/henryjaustin.org\\\/wp-content\\\/uploads\\\/2020\\\/11\\\/hjahc.png\",\"contentUrl\":\"https:\\\/\\\/henryjaustin.org\\\/wp-content\\\/uploads\\\/2020\\\/11\\\/hjahc.png\",\"width\":512,\"height\":512,\"caption\":\"Henry J. Austin Health Center\"},\"image\":{\"@id\":\"https:\\\/\\\/henryjaustin.org\\\/#\\\/schema\\\/logo\\\/image\\\/\"},\"sameAs\":[\"https:\\\/\\\/www.facebook.com\\\/HJAHCNJ\\\/\",\"https:\\\/\\\/x.com\\\/HJAHC\",\"https:\\\/\\\/www.instagram.com\\\/hjahc\\\/\",\"https:\\\/\\\/www.linkedin.com\\\/company\\\/henry-j-austin-health-center\"]}]}<\/script>\n<!-- \/ Yoast SEO plugin. -->","yoast_head_json":{"title":"Preeti Bhandari, MBBS, MPH, MSPM - Centro de Salud Henry J. Austin","robots":{"index":"index","follow":"follow","max-snippet":"max-snippet:-1","max-image-preview":"max-image-preview:large","max-video-preview":"max-video-preview:-1"},"canonical":"https:\/\/henryjaustin.org\/es\/preeti-bhandari-mbbs-mph-mspm\/","og_locale":"es_MX","og_type":"article","og_title":"Preeti Bhandari, MBBS, MPH, MSPM - Henry J. Austin Health Center","og_url":"https:\/\/henryjaustin.org\/es\/preeti-bhandari-mbbs-mph-mspm\/","og_site_name":"Henry J. Austin Health Center","article_publisher":"https:\/\/www.facebook.com\/HJAHCNJ\/","article_modified_time":"2022-12-21T14:30:40+00:00","twitter_card":"summary_large_image","twitter_site":"@HJAHC","twitter_misc":{"Tiempo de lectura":"2 minutos"},"schema":{"@context":"https:\/\/schema.org","@graph":[{"@type":"WebPage","@id":"https:\/\/henryjaustin.org\/preeti-bhandari-mbbs-mph-mspm\/","url":"https:\/\/henryjaustin.org\/preeti-bhandari-mbbs-mph-mspm\/","name":"Preeti Bhandari, MBBS, MPH, MSPM - Centro de Salud Henry J. Austin","isPartOf":{"@id":"https:\/\/henryjaustin.org\/#website"},"datePublished":"2022-12-14T20:14:48+00:00","dateModified":"2022-12-21T14:30:40+00:00","breadcrumb":{"@id":"https:\/\/henryjaustin.org\/preeti-bhandari-mbbs-mph-mspm\/#breadcrumb"},"inLanguage":"es","potentialAction":[{"@type":"ReadAction","target":["https:\/\/henryjaustin.org\/preeti-bhandari-mbbs-mph-mspm\/"]}]},{"@type":"BreadcrumbList","@id":"https:\/\/henryjaustin.org\/preeti-bhandari-mbbs-mph-mspm\/#breadcrumb","itemListElement":[{"@type":"ListItem","position":1,"name":"Home","item":"https:\/\/henryjaustin.org\/"},{"@type":"ListItem","position":2,"name":"Preeti Bhandari, MBBS, MPH, MSPM"}]},{"@type":"WebSite","@id":"https:\/\/henryjaustin.org\/#website","url":"https:\/\/henryjaustin.org\/","name":"Centro de Salud Henry J. Austin","description":"El Centro para el Bienestar","publisher":{"@id":"https:\/\/henryjaustin.org\/#organization"},"potentialAction":[{"@type":"SearchAction","target":{"@type":"EntryPoint","urlTemplate":"https:\/\/henryjaustin.org\/?s={search_term_string}"},"query-input":{"@type":"PropertyValueSpecification","valueRequired":true,"valueName":"search_term_string"}}],"inLanguage":"es"},{"@type":"Organization","@id":"https:\/\/henryjaustin.org\/#organization","name":"Centro de Salud Henry J. Austin","url":"https:\/\/henryjaustin.org\/","logo":{"@type":"ImageObject","inLanguage":"es","@id":"https:\/\/henryjaustin.org\/#\/schema\/logo\/image\/","url":"https:\/\/henryjaustin.org\/wp-content\/uploads\/2020\/11\/hjahc.png","contentUrl":"https:\/\/henryjaustin.org\/wp-content\/uploads\/2020\/11\/hjahc.png","width":512,"height":512,"caption":"Henry J. Austin Health Center"},"image":{"@id":"https:\/\/henryjaustin.org\/#\/schema\/logo\/image\/"},"sameAs":["https:\/\/www.facebook.com\/HJAHCNJ\/","https:\/\/x.com\/HJAHC","https:\/\/www.instagram.com\/hjahc\/","https:\/\/www.linkedin.com\/company\/henry-j-austin-health-center"]}]}},"_links":{"self":[{"href":"https:\/\/henryjaustin.org\/es\/wp-json\/wp\/v2\/pages\/6394","targetHints":{"allow":["GET"]}}],"collection":[{"href":"https:\/\/henryjaustin.org\/es\/wp-json\/wp\/v2\/pages"}],"about":[{"href":"https:\/\/henryjaustin.org\/es\/wp-json\/wp\/v2\/types\/page"}],"author":[{"embeddable":true,"href":"https:\/\/henryjaustin.org\/es\/wp-json\/wp\/v2\/users\/18"}],"replies":[{"embeddable":true,"href":"https:\/\/henryjaustin.org\/es\/wp-json\/wp\/v2\/comments?post=6394"}],"version-history":[{"count":0,"href":"https:\/\/henryjaustin.org\/es\/wp-json\/wp\/v2\/pages\/6394\/revisions"}],"wp:attachment":[{"href":"https:\/\/henryjaustin.org\/es\/wp-json\/wp\/v2\/media?parent=6394"}],"curies":[{"name":"wp","href":"https:\/\/api.w.org\/{rel}","templated":true}]}}