{"id":5634,"date":"2022-08-26T14:43:09","date_gmt":"2022-08-26T18:43:09","guid":{"rendered":"https:\/\/henryjaustin.org\/?page_id=5634"},"modified":"2022-10-13T10:06:34","modified_gmt":"2022-10-13T14:06:34","slug":"impact-of-chronic-disease","status":"publish","type":"page","link":"https:\/\/henryjaustin.org\/es\/impact-of-chronic-disease\/","title":{"rendered":"Impacto de la gesti\u00f3n del estado de las enfermedades cr\u00f3nicas por parte de los farmac\u00e9uticos cl\u00ednicos en los resultados de la diabetes"},"content":{"rendered":"<div class=\"wpb-content-wrapper\"><div class=\"webique_vc_row_wrap webique_general_colors\"><div class=\"vc_row wpb_row vc_row-fluid vc_custom_1661543962322 vc_row-has-fill\"><div class=\"wpb_column vc_column_container vc_col-sm-8\"><div class=\"vc_column-inner\"><div class=\"wpb_wrapper\">\n\t<div class=\"wpb_text_column wpb_content_element\" >\n\t\t<div class=\"wpb_wrapper\">\n\t\t\t<h4><span data-contrast=\"auto\">Impacto de la gesti\u00f3n del estado de las enfermedades cr\u00f3nicas por parte de los farmac\u00e9uticos cl\u00ednicos en los resultados de la diabetes: Resultados provisionales de un estudio piloto prospectivo.<\/span> <span data-contrast=\"auto\">Revista de Endocrinolog\u00eda, Diabetes y Metabolismo Volumen 2 N\u00famero 4<br \/>\n<\/span><span data-ccp-props=\"{&quot;201341983&quot;:0,&quot;335559739&quot;:160,&quot;335559740&quot;:259}\"><br \/>\n<\/span><strong>Los autores:<\/strong><b><span data-contrast=\"none\"> Caitlin McCarthy <\/span><\/b><span data-contrast=\"none\">y<\/span><b><span data-contrast=\"none\"> M. Thomas Bateman<\/span><\/b><span data-ccp-props=\"{&quot;201341983&quot;:0,&quot;335559739&quot;:160,&quot;335559740&quot;:259}\">\u00a0<\/span><\/h4>\n<p><strong>Resumen\u00a0<\/strong><\/p>\n<p><span data-contrast=\"auto\">El estudio tiene como objetivo proporcionar la metodolog\u00eda del programa y los datos de los resultados que identifican el impacto de los servicios de farmacia cl\u00ednica prestados a los pacientes con diabetes mellitus.\u00a0<\/span><span data-ccp-props=\"{&quot;201341983&quot;:0,&quot;335551550&quot;:6,&quot;335551620&quot;:6,&quot;335559739&quot;:160,&quot;335559740&quot;:259}\">\u00a0<\/span><\/p>\n<p><span data-contrast=\"auto\">Los pacientes adultos con diabetes mellitus identificados por un miembro del equipo de atenci\u00f3n primaria fueron remitidos al programa de gesti\u00f3n del estado de la enfermedad dirigido por farmac\u00e9uticos, un programa de gesti\u00f3n de la terapia de la medicaci\u00f3n (MTM) centrado en el paciente y desarrollado a trav\u00e9s de la colaboraci\u00f3n de la universidad con un Centro de Salud Federalmente Calificado local.<\/span><span data-ccp-props=\"{&quot;201341983&quot;:0,&quot;335551550&quot;:6,&quot;335551620&quot;:6,&quot;335559739&quot;:160,&quot;335559740&quot;:259}\">\u00a0<\/span><\/p>\n<p><span data-contrast=\"auto\">Gesti\u00f3n del estado de la enfermedad y gesti\u00f3n de la terapia de la medicaci\u00f3n por parte del farmac\u00e9utico en tres o m\u00e1s encuentros cara a cara en el transcurso de seis meses.<\/span><span data-ccp-props=\"{&quot;201341983&quot;:0,&quot;335551550&quot;:6,&quot;335551620&quot;:6,&quot;335559739&quot;:160,&quot;335559740&quot;:259}\">\u00a0<\/span><\/p>\n<p><span data-contrast=\"auto\">Los resultados cl\u00ednicos se siguieron durante 6 meses desde el momento de la derivaci\u00f3n y la inscripci\u00f3n en el programa. El criterio de valoraci\u00f3n primario de la diabetes, la hemoglobina glicosilada, y la experiencia de los pacientes con la atenci\u00f3n se recogieron al inicio y al final del estudio. Los farmac\u00e9uticos cl\u00ednicos documentaron el contenido de las visitas cl\u00ednicas, incluyendo el n\u00famero de visitas por paciente, la duraci\u00f3n de los encuentros, el n\u00famero y la proporci\u00f3n de problemas de terapia de medicaci\u00f3n identificados, y el n\u00famero y la proporci\u00f3n de intervenciones asociadas para optimizar la farmacoterapia.\u00a0<\/span><span data-ccp-props=\"{&quot;201341983&quot;:0,&quot;335551550&quot;:6,&quot;335551620&quot;:6,&quot;335559739&quot;:160,&quot;335559740&quot;:259}\">\u00a0<\/span><\/p>\n<p><span data-contrast=\"auto\">La hemoglobina glicosilada se redujo significativamente en comparaci\u00f3n con el valor inicial en la evaluaci\u00f3n a los 6 meses, tanto en el grupo de intenci\u00f3n de tratamiento (-2,7%; p &lt; 0,0001) como en el grupo por protocolo (-3,0%; p &lt; 0,0001). La satisfacci\u00f3n de los pacientes con la atenci\u00f3n fue mayor para los farmac\u00e9uticos en comparaci\u00f3n con los proveedores de atenci\u00f3n primaria, con un n\u00famero significativamente mayor de pacientes que calificaron la atenci\u00f3n recibida del farmac\u00e9utico como excelente (p = 0,001). Los farmac\u00e9uticos realizaron 158 visitas, identificando y resolviendo una media de 7,7 problemas de medicaci\u00f3n por cada sujeto incluido en el an\u00e1lisis.<\/span><span data-ccp-props=\"{&quot;201341983&quot;:0,&quot;335551550&quot;:6,&quot;335551620&quot;:6,&quot;335559739&quot;:160,&quot;335559740&quot;:259}\">\u00a0<\/span><\/p>\n<p><span data-contrast=\"auto\">En este modelo de MTM, los farmac\u00e9uticos cl\u00ednicos<\/span><\/p>\n\n\t\t<\/div>\n\t<\/div>\n<\/div><\/div><\/div><div class=\"wpb_column vc_column_container vc_col-sm-4\"><div class=\"vc_column-inner\"><div class=\"wpb_wrapper\"><div  class=\"vc_wp_custommenu wpb_content_element\"><div class=\"widget widget_nav_menu\"><h2 class=\"widgettitle\">Investigaci\u00f3n<\/h2><div class=\"menu-research-container\"><ul id=\"menu-research\" class=\"menu\"><li id=\"menu-item-5491\" class=\"menu-item menu-item-type-post_type menu-item-object-page menu-item-5491 webique_standard_menu\"><a href=\"https:\/\/henryjaustin.org\/es\/projects\/\"><span class=\"webique_nav_title_wrap\"><span class=\"webique_nav_title\">Proyectos<\/span><\/span><\/a><\/li>\n<li id=\"menu-item-5490\" class=\"menu-item menu-item-type-post_type menu-item-object-page menu-item-5490 webique_standard_menu\"><a href=\"https:\/\/henryjaustin.org\/es\/publications\/\"><span class=\"webique_nav_title_wrap\"><span class=\"webique_nav_title\">Publicaciones<\/span><\/span><\/a><\/li>\n<li id=\"menu-item-5618\" class=\"menu-item menu-item-type-custom menu-item-object-custom menu-item-has-children menu-item-5618 webique_standard_menu\"><a href=\"#\"><span class=\"webique_nav_title_wrap\"><span class=\"webique_nav_title\">IRB<\/span><\/span><\/a>\n<ul class=\"sub-menu\">\n\t<li id=\"menu-item-5492\" class=\"menu-item menu-item-type-post_type menu-item-object-page menu-item-5492\"><a href=\"https:\/\/henryjaustin.org\/es\/overview\/\"><span class=\"webique_nav_title_wrap\"><span class=\"webique_nav_title\">Resumen del IRB<\/span><\/span><\/a><\/li>\n\t<li id=\"menu-item-5489\" class=\"menu-item menu-item-type-post_type menu-item-object-page menu-item-5489\"><a href=\"https:\/\/henryjaustin.org\/es\/policies-and-review-process\/\"><span class=\"webique_nav_title_wrap\"><span class=\"webique_nav_title\">Pol\u00edticas y proceso de revisi\u00f3n<\/span><\/span><\/a><\/li>\n\t<li id=\"menu-item-5615\" class=\"menu-item menu-item-type-post_type menu-item-object-page menu-item-5615\"><a href=\"https:\/\/henryjaustin.org\/es\/irb-forms\/\"><span class=\"webique_nav_title_wrap\"><span class=\"webique_nav_title\">Solicitudes del CEI<\/span><\/span><\/a><\/li>\n<\/ul>\n<\/li>\n<\/ul><\/div><\/div><\/div><\/div><\/div><\/div><\/div><\/div>\n<\/div>","protected":false},"excerpt":{"rendered":"Impacto de la gesti\u00f3n del estado de las enfermedades cr\u00f3nicas por parte de los farmac\u00e9uticos cl\u00ednicos en los resultados de la diabetes: Resultados provisionales de un estudio piloto prospectivo. Revista de Endocrinolog\u00eda, Diabetes y Metabolismo Volumen 2 N\u00famero 4 Autores: Caitlin McCarthy y M. Thomas Bateman Resumen El estudio pretende...","protected":false},"author":18,"featured_media":0,"parent":0,"menu_order":0,"comment_status":"closed","ping_status":"closed","template":"","meta":{"_acf_changed":false,"_monsterinsights_skip_tracking":false,"_monsterinsights_sitenote_active":false,"_monsterinsights_sitenote_note":"","_monsterinsights_sitenote_category":0,"footnotes":""},"class_list":["post-5634","page","type-page","status-publish","hentry"],"acf":[],"yoast_head":"<!-- This site is optimized with the Yoast SEO plugin v27.4 - https:\/\/yoast.com\/product\/yoast-seo-wordpress\/ -->\n<title>Impact of Chronic Disease State Management by Clinical Pharmacists on Diabetes Outcomes - Henry J. Austin Health Center<\/title>\n<meta name=\"robots\" content=\"index, follow, max-snippet:-1, max-image-preview:large, max-video-preview:-1\" \/>\n<link rel=\"canonical\" href=\"https:\/\/henryjaustin.org\/es\/impact-of-chronic-disease\/\" \/>\n<meta property=\"og:locale\" content=\"es_MX\" \/>\n<meta property=\"og:type\" content=\"article\" \/>\n<meta property=\"og:title\" content=\"Impact of Chronic Disease State Management by Clinical Pharmacists on Diabetes Outcomes - Henry J. Austin Health Center\" \/>\n<meta property=\"og:url\" content=\"https:\/\/henryjaustin.org\/es\/impact-of-chronic-disease\/\" \/>\n<meta property=\"og:site_name\" content=\"Henry J. Austin Health Center\" \/>\n<meta property=\"article:publisher\" content=\"https:\/\/www.facebook.com\/HJAHCNJ\/\" \/>\n<meta property=\"article:modified_time\" content=\"2022-10-13T14:06:34+00:00\" \/>\n<meta name=\"twitter:card\" content=\"summary_large_image\" \/>\n<meta name=\"twitter:site\" content=\"@HJAHC\" \/>\n<meta name=\"twitter:label1\" content=\"Tiempo de lectura\" \/>\n\t<meta name=\"twitter:data1\" content=\"2 minutos\" \/>\n<script type=\"application\/ld+json\" class=\"yoast-schema-graph\">{\"@context\":\"https:\\\/\\\/schema.org\",\"@graph\":[{\"@type\":\"WebPage\",\"@id\":\"https:\\\/\\\/henryjaustin.org\\\/impact-of-chronic-disease\\\/\",\"url\":\"https:\\\/\\\/henryjaustin.org\\\/impact-of-chronic-disease\\\/\",\"name\":\"Impact of Chronic Disease State Management by Clinical Pharmacists on Diabetes Outcomes - Henry J. Austin Health Center\",\"isPartOf\":{\"@id\":\"https:\\\/\\\/henryjaustin.org\\\/#website\"},\"datePublished\":\"2022-08-26T18:43:09+00:00\",\"dateModified\":\"2022-10-13T14:06:34+00:00\",\"breadcrumb\":{\"@id\":\"https:\\\/\\\/henryjaustin.org\\\/impact-of-chronic-disease\\\/#breadcrumb\"},\"inLanguage\":\"es\",\"potentialAction\":[{\"@type\":\"ReadAction\",\"target\":[\"https:\\\/\\\/henryjaustin.org\\\/impact-of-chronic-disease\\\/\"]}]},{\"@type\":\"BreadcrumbList\",\"@id\":\"https:\\\/\\\/henryjaustin.org\\\/impact-of-chronic-disease\\\/#breadcrumb\",\"itemListElement\":[{\"@type\":\"ListItem\",\"position\":1,\"name\":\"Home\",\"item\":\"https:\\\/\\\/henryjaustin.org\\\/\"},{\"@type\":\"ListItem\",\"position\":2,\"name\":\"Impact of Chronic Disease State Management by Clinical Pharmacists on Diabetes Outcomes\"}]},{\"@type\":\"WebSite\",\"@id\":\"https:\\\/\\\/henryjaustin.org\\\/#website\",\"url\":\"https:\\\/\\\/henryjaustin.org\\\/\",\"name\":\"Henry J. Austin Health Center\",\"description\":\"The Center for Wellness\",\"publisher\":{\"@id\":\"https:\\\/\\\/henryjaustin.org\\\/#organization\"},\"potentialAction\":[{\"@type\":\"SearchAction\",\"target\":{\"@type\":\"EntryPoint\",\"urlTemplate\":\"https:\\\/\\\/henryjaustin.org\\\/?s={search_term_string}\"},\"query-input\":{\"@type\":\"PropertyValueSpecification\",\"valueRequired\":true,\"valueName\":\"search_term_string\"}}],\"inLanguage\":\"es\"},{\"@type\":\"Organization\",\"@id\":\"https:\\\/\\\/henryjaustin.org\\\/#organization\",\"name\":\"Henry J. Austin Health Center\",\"url\":\"https:\\\/\\\/henryjaustin.org\\\/\",\"logo\":{\"@type\":\"ImageObject\",\"inLanguage\":\"es\",\"@id\":\"https:\\\/\\\/henryjaustin.org\\\/#\\\/schema\\\/logo\\\/image\\\/\",\"url\":\"https:\\\/\\\/henryjaustin.org\\\/wp-content\\\/uploads\\\/2020\\\/11\\\/hjahc.png\",\"contentUrl\":\"https:\\\/\\\/henryjaustin.org\\\/wp-content\\\/uploads\\\/2020\\\/11\\\/hjahc.png\",\"width\":512,\"height\":512,\"caption\":\"Henry J. Austin Health Center\"},\"image\":{\"@id\":\"https:\\\/\\\/henryjaustin.org\\\/#\\\/schema\\\/logo\\\/image\\\/\"},\"sameAs\":[\"https:\\\/\\\/www.facebook.com\\\/HJAHCNJ\\\/\",\"https:\\\/\\\/x.com\\\/HJAHC\",\"https:\\\/\\\/www.instagram.com\\\/hjahc\\\/\",\"https:\\\/\\\/www.linkedin.com\\\/company\\\/henry-j-austin-health-center\"]}]}<\/script>\n<!-- \/ Yoast SEO plugin. -->","yoast_head_json":{"title":"Impact of Chronic Disease State Management by Clinical Pharmacists on Diabetes Outcomes - Henry J. Austin Health Center","robots":{"index":"index","follow":"follow","max-snippet":"max-snippet:-1","max-image-preview":"max-image-preview:large","max-video-preview":"max-video-preview:-1"},"canonical":"https:\/\/henryjaustin.org\/es\/impact-of-chronic-disease\/","og_locale":"es_MX","og_type":"article","og_title":"Impact of Chronic Disease State Management by Clinical Pharmacists on Diabetes Outcomes - Henry J. Austin Health Center","og_url":"https:\/\/henryjaustin.org\/es\/impact-of-chronic-disease\/","og_site_name":"Henry J. Austin Health Center","article_publisher":"https:\/\/www.facebook.com\/HJAHCNJ\/","article_modified_time":"2022-10-13T14:06:34+00:00","twitter_card":"summary_large_image","twitter_site":"@HJAHC","twitter_misc":{"Tiempo de lectura":"2 minutos"},"schema":{"@context":"https:\/\/schema.org","@graph":[{"@type":"WebPage","@id":"https:\/\/henryjaustin.org\/impact-of-chronic-disease\/","url":"https:\/\/henryjaustin.org\/impact-of-chronic-disease\/","name":"Impact of Chronic Disease State Management by Clinical Pharmacists on Diabetes Outcomes - Henry J. Austin Health Center","isPartOf":{"@id":"https:\/\/henryjaustin.org\/#website"},"datePublished":"2022-08-26T18:43:09+00:00","dateModified":"2022-10-13T14:06:34+00:00","breadcrumb":{"@id":"https:\/\/henryjaustin.org\/impact-of-chronic-disease\/#breadcrumb"},"inLanguage":"es","potentialAction":[{"@type":"ReadAction","target":["https:\/\/henryjaustin.org\/impact-of-chronic-disease\/"]}]},{"@type":"BreadcrumbList","@id":"https:\/\/henryjaustin.org\/impact-of-chronic-disease\/#breadcrumb","itemListElement":[{"@type":"ListItem","position":1,"name":"Home","item":"https:\/\/henryjaustin.org\/"},{"@type":"ListItem","position":2,"name":"Impact of Chronic Disease State Management by Clinical Pharmacists on Diabetes Outcomes"}]},{"@type":"WebSite","@id":"https:\/\/henryjaustin.org\/#website","url":"https:\/\/henryjaustin.org\/","name":"Centro de Salud Henry J. Austin","description":"El Centro para el Bienestar","publisher":{"@id":"https:\/\/henryjaustin.org\/#organization"},"potentialAction":[{"@type":"SearchAction","target":{"@type":"EntryPoint","urlTemplate":"https:\/\/henryjaustin.org\/?s={search_term_string}"},"query-input":{"@type":"PropertyValueSpecification","valueRequired":true,"valueName":"search_term_string"}}],"inLanguage":"es"},{"@type":"Organization","@id":"https:\/\/henryjaustin.org\/#organization","name":"Centro de Salud Henry J. Austin","url":"https:\/\/henryjaustin.org\/","logo":{"@type":"ImageObject","inLanguage":"es","@id":"https:\/\/henryjaustin.org\/#\/schema\/logo\/image\/","url":"https:\/\/henryjaustin.org\/wp-content\/uploads\/2020\/11\/hjahc.png","contentUrl":"https:\/\/henryjaustin.org\/wp-content\/uploads\/2020\/11\/hjahc.png","width":512,"height":512,"caption":"Henry J. Austin Health Center"},"image":{"@id":"https:\/\/henryjaustin.org\/#\/schema\/logo\/image\/"},"sameAs":["https:\/\/www.facebook.com\/HJAHCNJ\/","https:\/\/x.com\/HJAHC","https:\/\/www.instagram.com\/hjahc\/","https:\/\/www.linkedin.com\/company\/henry-j-austin-health-center"]}]}},"_links":{"self":[{"href":"https:\/\/henryjaustin.org\/es\/wp-json\/wp\/v2\/pages\/5634","targetHints":{"allow":["GET"]}}],"collection":[{"href":"https:\/\/henryjaustin.org\/es\/wp-json\/wp\/v2\/pages"}],"about":[{"href":"https:\/\/henryjaustin.org\/es\/wp-json\/wp\/v2\/types\/page"}],"author":[{"embeddable":true,"href":"https:\/\/henryjaustin.org\/es\/wp-json\/wp\/v2\/users\/18"}],"replies":[{"embeddable":true,"href":"https:\/\/henryjaustin.org\/es\/wp-json\/wp\/v2\/comments?post=5634"}],"version-history":[{"count":0,"href":"https:\/\/henryjaustin.org\/es\/wp-json\/wp\/v2\/pages\/5634\/revisions"}],"wp:attachment":[{"href":"https:\/\/henryjaustin.org\/es\/wp-json\/wp\/v2\/media?parent=5634"}],"curies":[{"name":"wp","href":"https:\/\/api.w.org\/{rel}","templated":true}]}}