{"id":5631,"date":"2022-08-26T14:24:31","date_gmt":"2022-08-26T18:24:31","guid":{"rendered":"https:\/\/henryjaustin.org\/?page_id=5631"},"modified":"2022-10-10T14:34:29","modified_gmt":"2022-10-10T18:34:29","slug":"adoption-of-telepharmacy-within-a-community-health-center-a-focus-on-clinical-pharmacy-services","status":"publish","type":"page","link":"https:\/\/henryjaustin.org\/es\/adoption-of-telepharmacy-within-a-community-health-center-a-focus-on-clinical-pharmacy-services\/","title":{"rendered":"Adopci\u00f3n de la telefarmacia en un centro de salud comunitario: un enfoque en los servicios de farmacia cl\u00ednica."},"content":{"rendered":"<div class=\"wpb-content-wrapper\"><div class=\"webique_vc_row_wrap webique_general_colors\"><div class=\"vc_row wpb_row vc_row-fluid\"><div class=\"wpb_column vc_column_container vc_col-sm-8\"><div class=\"vc_column-inner\"><div class=\"wpb_wrapper\">\n\t<div class=\"wpb_text_column wpb_content_element\" >\n\t\t<div class=\"wpb_wrapper\">\n\t\t\t<h4><span data-contrast=\"none\">Adopci\u00f3n de la telefarmacia en un centro de salud comunitario: un enfoque en los servicios de farmacia cl\u00ednica. <\/span><i><span data-contrast=\"none\">Revista del Colegio Americano de Farmacia Cl\u00ednica<\/span><\/i><span data-contrast=\"none\">4, no. 8 (2021): 924-933.<\/span><\/h4>\n<p><strong>Los autores: <\/strong><b><span data-contrast=\"none\">McCarthy, Caitlin, M. Thomas Bateman Jr, Tyler Henderson, Ronald Jean y Rachael Evans<\/span><\/b><span data-contrast=\"none\">.<\/span><span data-ccp-props=\"{&quot;201341983&quot;:0,&quot;335559739&quot;:160,&quot;335559740&quot;:259}\">\u00a0<\/span><span data-ccp-props=\"{&quot;201341983&quot;:0,&quot;335559739&quot;:160,&quot;335559740&quot;:259}\">\u00a0<\/span><\/p>\n<p aria-level=\"2\"><b><span data-contrast=\"none\">Resumen<\/span><\/b><span data-ccp-props=\"{&quot;201341983&quot;:0,&quot;335559738&quot;:0,&quot;335559739&quot;:225,&quot;335559740&quot;:259}\">\u00a0<\/span><\/p>\n<p><span data-contrast=\"none\">Debido a la actual pandemia de la enfermedad por coronavirus 2019 (COVID-19), la telesalud ha pasado de ser un servicio infrautilizado a una necesidad m\u00e9dica casi de la noche a la ma\u00f1ana. Aunque existen directrices sobre la implementaci\u00f3n de los servicios de telefarmacia, hay pocas pruebas a nivel de la pr\u00e1ctica que demuestren la adopci\u00f3n exitosa de la telefarmacia para la prestaci\u00f3n de servicios de farmacia cl\u00ednica.<\/span><span data-ccp-props=\"{&quot;134233117&quot;:false,&quot;134233118&quot;:false,&quot;201341983&quot;:0,&quot;335551550&quot;:6,&quot;335551620&quot;:6,&quot;335559738&quot;:75,&quot;335559739&quot;:240,&quot;335559740&quot;:240}\">\u00a0<\/span><\/p>\n<p><span data-contrast=\"none\">El prop\u00f3sito de este art\u00edculo es proporcionar una descripci\u00f3n de c\u00f3mo se ha utilizado la telesalud para prestar servicios de farmacia dentro de un Centro de Salud Comunitario (CHC), para discutir el impacto de los servicios de telesalud, y para proporcionar un marco por el cual otras entidades pueden crear programas exitosos de telesalud dentro del entorno de atenci\u00f3n ambulatoria.<\/span><span data-ccp-props=\"{&quot;134233117&quot;:false,&quot;134233118&quot;:false,&quot;201341983&quot;:0,&quot;335551550&quot;:6,&quot;335551620&quot;:6,&quot;335559738&quot;:75,&quot;335559739&quot;:240,&quot;335559740&quot;:240}\">\u00a0<\/span><\/p>\n<p><span data-contrast=\"none\">Se compar\u00f3 la productividad general del CHC, la productividad del farmac\u00e9utico cl\u00ednico y los datos demogr\u00e1ficos de los pacientes entre los 7 meses anteriores y los 7 meses posteriores a la implantaci\u00f3n de los servicios de telesalud. La satisfacci\u00f3n de los pacientes con la telesalud se midi\u00f3 mediante encuestas an\u00f3nimas administradas a trav\u00e9s de Feedtrail XM y la satisfacci\u00f3n de los proveedores se midi\u00f3 mediante una encuesta creada por la Asociaci\u00f3n de Atenci\u00f3n Primaria de Nueva Jersey.<\/span><span data-ccp-props=\"{&quot;134233117&quot;:false,&quot;134233118&quot;:false,&quot;201341983&quot;:0,&quot;335551550&quot;:6,&quot;335551620&quot;:6,&quot;335559738&quot;:75,&quot;335559739&quot;:240,&quot;335559740&quot;:240}\">\u00a0<\/span><\/p>\n<p><span data-contrast=\"none\">La telefarmacia ha provocado un cambio en la demograf\u00eda de los pacientes que reciben servicios de farmacia, aumentando la proporci\u00f3n de pacientes con seguro privado, que ten\u00edan 65 a\u00f1os o m\u00e1s y que no hablaban ingl\u00e9s. Aunque la productividad general del CHC se mantuvo estable, el n\u00famero de encuentros de farmacia cl\u00ednica aument\u00f3. Los pacientes se mostraron satisfechos con las visitas de farmacia indicando que eran de igual o mayor calidad que las visitas en persona y expresaron su preferencia por continuar con las visitas de farmacia en el futuro.<\/span><span data-ccp-props=\"{&quot;134233117&quot;:false,&quot;134233118&quot;:false,&quot;201341983&quot;:0,&quot;335551550&quot;:6,&quot;335551620&quot;:6,&quot;335559738&quot;:75,&quot;335559739&quot;:240,&quot;335559740&quot;:240}\">\u00a0<\/span><\/p>\n<p><span data-contrast=\"none\">Nuestros resultados sugieren que la telemedicina es una forma eficaz de prestar atenci\u00f3n, especialmente en lo que respecta a las enfermedades cr\u00f3nicas. Para que sea sostenible, la telesalud requiere el apoyo continuo de los organismos locales, estatales y federales en lo que respecta al mantenimiento de la normativa en torno a la ampliaci\u00f3n de los \u00e1mbitos de pr\u00e1ctica y en t\u00e9rminos de reembolso.<\/span><span data-ccp-props=\"{&quot;134233117&quot;:false,&quot;134233118&quot;:false,&quot;201341983&quot;:0,&quot;335551550&quot;:6,&quot;335551620&quot;:6,&quot;335559738&quot;:75,&quot;335559739&quot;:240,&quot;335559740&quot;:240}\">\u00a0<\/span><\/p>\n<p><span data-contrast=\"auto\">fueron capaces de identificar y resolver intervenciones que posteriormente dieron lugar a reducciones estad\u00edsticamente significativas observadas en el criterio de valoraci\u00f3n primario de la diabetes y a altos niveles de satisfacci\u00f3n con la atenci\u00f3n.<\/span><span data-ccp-props=\"{&quot;201341983&quot;:0,&quot;335551550&quot;:6,&quot;335551620&quot;:6,&quot;335559739&quot;:160,&quot;335559740&quot;:259}\">\u00a0<\/span><\/p>\n\n\t\t<\/div>\n\t<\/div>\n<\/div><\/div><\/div><div class=\"wpb_column vc_column_container vc_col-sm-4\"><div class=\"vc_column-inner\"><div class=\"wpb_wrapper\"><div  class=\"vc_wp_custommenu wpb_content_element\"><div class=\"widget widget_nav_menu\"><div class=\"menu-research-container\"><ul id=\"menu-research\" class=\"menu\"><li id=\"menu-item-5491\" class=\"menu-item menu-item-type-post_type menu-item-object-page menu-item-5491 webique_standard_menu\"><a href=\"https:\/\/henryjaustin.org\/es\/projects\/\"><span class=\"webique_nav_title_wrap\"><span class=\"webique_nav_title\">Proyectos<\/span><\/span><\/a><\/li>\n<li id=\"menu-item-5490\" class=\"menu-item menu-item-type-post_type menu-item-object-page menu-item-5490 webique_standard_menu\"><a href=\"https:\/\/henryjaustin.org\/es\/publications\/\"><span class=\"webique_nav_title_wrap\"><span class=\"webique_nav_title\">Publicaciones<\/span><\/span><\/a><\/li>\n<li id=\"menu-item-5618\" class=\"menu-item menu-item-type-custom menu-item-object-custom menu-item-has-children menu-item-5618 webique_standard_menu\"><a href=\"#\"><span class=\"webique_nav_title_wrap\"><span class=\"webique_nav_title\">IRB<\/span><\/span><\/a>\n<ul class=\"sub-menu\">\n\t<li id=\"menu-item-5492\" class=\"menu-item menu-item-type-post_type menu-item-object-page menu-item-5492\"><a href=\"https:\/\/henryjaustin.org\/es\/overview\/\"><span class=\"webique_nav_title_wrap\"><span class=\"webique_nav_title\">Resumen del IRB<\/span><\/span><\/a><\/li>\n\t<li id=\"menu-item-5489\" class=\"menu-item menu-item-type-post_type menu-item-object-page menu-item-5489\"><a href=\"https:\/\/henryjaustin.org\/es\/policies-and-review-process\/\"><span class=\"webique_nav_title_wrap\"><span class=\"webique_nav_title\">Pol\u00edticas y proceso de revisi\u00f3n<\/span><\/span><\/a><\/li>\n\t<li id=\"menu-item-5615\" class=\"menu-item menu-item-type-post_type menu-item-object-page menu-item-5615\"><a href=\"https:\/\/henryjaustin.org\/es\/irb-forms\/\"><span class=\"webique_nav_title_wrap\"><span class=\"webique_nav_title\">Solicitudes del CEI<\/span><\/span><\/a><\/li>\n<\/ul>\n<\/li>\n<\/ul><\/div><\/div><\/div><\/div><\/div><\/div><\/div><\/div><div class=\"webique_vc_row_wrap webique_general_colors\"><div class=\"vc_row wpb_row vc_row-fluid\"><div class=\"wpb_column vc_column_container vc_col-sm-12\"><div class=\"vc_column-inner\"><div class=\"wpb_wrapper\"><!-- start Icon Hover Effect Button -->\n\t\t<link id='font-awsome-css' href='https:\/\/henryjaustin.org\/wp-content\/plugins\/unlimited-addons-for-wpbakery-page-builder\/assets_libraries\/font-awsome\/css\/font-awesome.min.css' type='text\/css' rel='stylesheet' >\n\t\t<link id='uc_ac_assets_file_uc_icon_hover_effect_button_css_2868-css' href='https:\/\/henryjaustin.org\/wp-content\/uploads\/ac_assets\/uc_icon_hover_effect_button\/uc_icon_hover_effect_button.css' type='text\/css' rel='stylesheet' >\n\n\t\t\t<style type=\"text\/css\">\/* addon: Icon Hover Effect Button *\/\n\n.uc_icon_hover_effect_button .uc_container_holder .uc_color-5 {\n\tbackground:none;\n\n}\n\n<\/style>\n\n\t\t\t<div class=\"uc_icon_hover_effect_button\" >\n    \t<div class=\"uc_container_holder\" style=\"text-align:left;\">\n            <div class=\"uc_color-5\">\n                <a style=\"background: #823aa0;text-align:center;\" href=\"https:\/\/henryjaustin.org\/es\/publications\/\" class=\"uc_btn uc_btn-5 uc_btn-5a uc_icon-cart\" target=\"_self\"><i class=\"fa fa-reply\" aria-hidden=\"true\"><\/i><span>Volver a Publicaciones<\/span><\/a>\n            <\/div>  \n        <\/div>\n    <\/div>\n\t\t\t<!-- end Icon Hover Effect Button --><\/div><\/div><\/div><\/div><\/div>\n<\/div>","protected":false},"excerpt":{"rendered":"Adopci\u00f3n de la telefarmacia en un centro de salud comunitario: un enfoque en los servicios de farmacia cl\u00ednica. Journal of the American College of Clinical Pharmacy 4, no. 8 (2021): 924-933. Autores: McCarthy, Caitlin, M. Thomas Bateman Jr, Tyler Henderson, Ronald Jean y Rachael Evans.  ...","protected":false},"author":18,"featured_media":0,"parent":0,"menu_order":0,"comment_status":"closed","ping_status":"closed","template":"","meta":{"_acf_changed":false,"om_disable_all_campaigns":false,"_monsterinsights_skip_tracking":false,"_monsterinsights_sitenote_active":false,"_monsterinsights_sitenote_note":"","_monsterinsights_sitenote_category":0,"_uf_show_specific_survey":0,"_uf_disable_surveys":false,"footnotes":""},"class_list":["post-5631","page","type-page","status-publish","hentry"],"acf":[],"yoast_head":"<!-- This site is optimized with the Yoast SEO plugin v27.2 - https:\/\/yoast.com\/product\/yoast-seo-wordpress\/ -->\n<title>Adoption of telepharmacy within a community health center: a focus on clinical pharmacy services. - Henry J. Austin Health Center<\/title>\n<meta name=\"robots\" content=\"index, follow, max-snippet:-1, max-image-preview:large, max-video-preview:-1\" \/>\n<link rel=\"canonical\" href=\"https:\/\/henryjaustin.org\/es\/adoption-of-telepharmacy-within-a-community-health-center-a-focus-on-clinical-pharmacy-services\/\" \/>\n<meta property=\"og:locale\" content=\"es_MX\" \/>\n<meta property=\"og:type\" content=\"article\" \/>\n<meta property=\"og:title\" content=\"Adoption of telepharmacy within a community health center: a focus on clinical pharmacy services. - Henry J. Austin Health Center\" \/>\n<meta property=\"og:url\" content=\"https:\/\/henryjaustin.org\/es\/adoption-of-telepharmacy-within-a-community-health-center-a-focus-on-clinical-pharmacy-services\/\" \/>\n<meta property=\"og:site_name\" content=\"Henry J. Austin Health Center\" \/>\n<meta property=\"article:publisher\" content=\"https:\/\/www.facebook.com\/HJAHCNJ\/\" \/>\n<meta property=\"article:modified_time\" content=\"2022-10-10T18:34:29+00:00\" \/>\n<meta name=\"twitter:card\" content=\"summary_large_image\" \/>\n<meta name=\"twitter:site\" content=\"@HJAHC\" \/>\n<meta name=\"twitter:label1\" content=\"Tiempo de lectura\" \/>\n\t<meta name=\"twitter:data1\" content=\"2 minutos\" \/>\n<script type=\"application\/ld+json\" class=\"yoast-schema-graph\">{\"@context\":\"https:\/\/schema.org\",\"@graph\":[{\"@type\":\"WebPage\",\"@id\":\"https:\/\/henryjaustin.org\/adoption-of-telepharmacy-within-a-community-health-center-a-focus-on-clinical-pharmacy-services\/\",\"url\":\"https:\/\/henryjaustin.org\/adoption-of-telepharmacy-within-a-community-health-center-a-focus-on-clinical-pharmacy-services\/\",\"name\":\"Adoption of telepharmacy within a community health center: a focus on clinical pharmacy services. - Henry J. Austin Health Center\",\"isPartOf\":{\"@id\":\"https:\/\/henryjaustin.org\/#website\"},\"datePublished\":\"2022-08-26T18:24:31+00:00\",\"dateModified\":\"2022-10-10T18:34:29+00:00\",\"breadcrumb\":{\"@id\":\"https:\/\/henryjaustin.org\/adoption-of-telepharmacy-within-a-community-health-center-a-focus-on-clinical-pharmacy-services\/#breadcrumb\"},\"inLanguage\":\"es\",\"potentialAction\":[{\"@type\":\"ReadAction\",\"target\":[\"https:\/\/henryjaustin.org\/adoption-of-telepharmacy-within-a-community-health-center-a-focus-on-clinical-pharmacy-services\/\"]}]},{\"@type\":\"BreadcrumbList\",\"@id\":\"https:\/\/henryjaustin.org\/adoption-of-telepharmacy-within-a-community-health-center-a-focus-on-clinical-pharmacy-services\/#breadcrumb\",\"itemListElement\":[{\"@type\":\"ListItem\",\"position\":1,\"name\":\"Home\",\"item\":\"https:\/\/henryjaustin.org\/\"},{\"@type\":\"ListItem\",\"position\":2,\"name\":\"Adoption of telepharmacy within a community health center: a focus on clinical pharmacy services.\"}]},{\"@type\":\"WebSite\",\"@id\":\"https:\/\/henryjaustin.org\/#website\",\"url\":\"https:\/\/henryjaustin.org\/\",\"name\":\"Henry J. Austin Health Center\",\"description\":\"The Center for Wellness\",\"publisher\":{\"@id\":\"https:\/\/henryjaustin.org\/#organization\"},\"potentialAction\":[{\"@type\":\"SearchAction\",\"target\":{\"@type\":\"EntryPoint\",\"urlTemplate\":\"https:\/\/henryjaustin.org\/?s={search_term_string}\"},\"query-input\":{\"@type\":\"PropertyValueSpecification\",\"valueRequired\":true,\"valueName\":\"search_term_string\"}}],\"inLanguage\":\"es\"},{\"@type\":\"Organization\",\"@id\":\"https:\/\/henryjaustin.org\/#organization\",\"name\":\"Henry J. Austin Health Center\",\"url\":\"https:\/\/henryjaustin.org\/\",\"logo\":{\"@type\":\"ImageObject\",\"inLanguage\":\"es\",\"@id\":\"https:\/\/henryjaustin.org\/#\/schema\/logo\/image\/\",\"url\":\"https:\/\/henryjaustin.org\/wp-content\/uploads\/2020\/11\/hjahc.png\",\"contentUrl\":\"https:\/\/henryjaustin.org\/wp-content\/uploads\/2020\/11\/hjahc.png\",\"width\":512,\"height\":512,\"caption\":\"Henry J. Austin Health Center\"},\"image\":{\"@id\":\"https:\/\/henryjaustin.org\/#\/schema\/logo\/image\/\"},\"sameAs\":[\"https:\/\/www.facebook.com\/HJAHCNJ\/\",\"https:\/\/x.com\/HJAHC\",\"https:\/\/www.instagram.com\/hjahc\/\",\"https:\/\/www.linkedin.com\/company\/henry-j-austin-health-center\"]}]}<\/script>\n<!-- \/ Yoast SEO plugin. -->","yoast_head_json":{"title":"Adoption of telepharmacy within a community health center: a focus on clinical pharmacy services. - Henry J. Austin Health Center","robots":{"index":"index","follow":"follow","max-snippet":"max-snippet:-1","max-image-preview":"max-image-preview:large","max-video-preview":"max-video-preview:-1"},"canonical":"https:\/\/henryjaustin.org\/es\/adoption-of-telepharmacy-within-a-community-health-center-a-focus-on-clinical-pharmacy-services\/","og_locale":"es_MX","og_type":"article","og_title":"Adoption of telepharmacy within a community health center: a focus on clinical pharmacy services. - Henry J. Austin Health Center","og_url":"https:\/\/henryjaustin.org\/es\/adoption-of-telepharmacy-within-a-community-health-center-a-focus-on-clinical-pharmacy-services\/","og_site_name":"Henry J. Austin Health Center","article_publisher":"https:\/\/www.facebook.com\/HJAHCNJ\/","article_modified_time":"2022-10-10T18:34:29+00:00","twitter_card":"summary_large_image","twitter_site":"@HJAHC","twitter_misc":{"Tiempo de lectura":"2 minutos"},"schema":{"@context":"https:\/\/schema.org","@graph":[{"@type":"WebPage","@id":"https:\/\/henryjaustin.org\/adoption-of-telepharmacy-within-a-community-health-center-a-focus-on-clinical-pharmacy-services\/","url":"https:\/\/henryjaustin.org\/adoption-of-telepharmacy-within-a-community-health-center-a-focus-on-clinical-pharmacy-services\/","name":"Adoption of telepharmacy within a community health center: a focus on clinical pharmacy services. - Henry J. Austin Health Center","isPartOf":{"@id":"https:\/\/henryjaustin.org\/#website"},"datePublished":"2022-08-26T18:24:31+00:00","dateModified":"2022-10-10T18:34:29+00:00","breadcrumb":{"@id":"https:\/\/henryjaustin.org\/adoption-of-telepharmacy-within-a-community-health-center-a-focus-on-clinical-pharmacy-services\/#breadcrumb"},"inLanguage":"es","potentialAction":[{"@type":"ReadAction","target":["https:\/\/henryjaustin.org\/adoption-of-telepharmacy-within-a-community-health-center-a-focus-on-clinical-pharmacy-services\/"]}]},{"@type":"BreadcrumbList","@id":"https:\/\/henryjaustin.org\/adoption-of-telepharmacy-within-a-community-health-center-a-focus-on-clinical-pharmacy-services\/#breadcrumb","itemListElement":[{"@type":"ListItem","position":1,"name":"Home","item":"https:\/\/henryjaustin.org\/"},{"@type":"ListItem","position":2,"name":"Adoption of telepharmacy within a community health center: a focus on clinical pharmacy services."}]},{"@type":"WebSite","@id":"https:\/\/henryjaustin.org\/#website","url":"https:\/\/henryjaustin.org\/","name":"Centro de Salud Henry J. Austin","description":"El Centro para el Bienestar","publisher":{"@id":"https:\/\/henryjaustin.org\/#organization"},"potentialAction":[{"@type":"SearchAction","target":{"@type":"EntryPoint","urlTemplate":"https:\/\/henryjaustin.org\/?s={search_term_string}"},"query-input":{"@type":"PropertyValueSpecification","valueRequired":true,"valueName":"search_term_string"}}],"inLanguage":"es"},{"@type":"Organization","@id":"https:\/\/henryjaustin.org\/#organization","name":"Centro de Salud Henry J. Austin","url":"https:\/\/henryjaustin.org\/","logo":{"@type":"ImageObject","inLanguage":"es","@id":"https:\/\/henryjaustin.org\/#\/schema\/logo\/image\/","url":"https:\/\/henryjaustin.org\/wp-content\/uploads\/2020\/11\/hjahc.png","contentUrl":"https:\/\/henryjaustin.org\/wp-content\/uploads\/2020\/11\/hjahc.png","width":512,"height":512,"caption":"Henry J. Austin Health Center"},"image":{"@id":"https:\/\/henryjaustin.org\/#\/schema\/logo\/image\/"},"sameAs":["https:\/\/www.facebook.com\/HJAHCNJ\/","https:\/\/x.com\/HJAHC","https:\/\/www.instagram.com\/hjahc\/","https:\/\/www.linkedin.com\/company\/henry-j-austin-health-center"]}]}},"_links":{"self":[{"href":"https:\/\/henryjaustin.org\/es\/wp-json\/wp\/v2\/pages\/5631","targetHints":{"allow":["GET"]}}],"collection":[{"href":"https:\/\/henryjaustin.org\/es\/wp-json\/wp\/v2\/pages"}],"about":[{"href":"https:\/\/henryjaustin.org\/es\/wp-json\/wp\/v2\/types\/page"}],"author":[{"embeddable":true,"href":"https:\/\/henryjaustin.org\/es\/wp-json\/wp\/v2\/users\/18"}],"replies":[{"embeddable":true,"href":"https:\/\/henryjaustin.org\/es\/wp-json\/wp\/v2\/comments?post=5631"}],"version-history":[{"count":0,"href":"https:\/\/henryjaustin.org\/es\/wp-json\/wp\/v2\/pages\/5631\/revisions"}],"wp:attachment":[{"href":"https:\/\/henryjaustin.org\/es\/wp-json\/wp\/v2\/media?parent=5631"}],"curies":[{"name":"wp","href":"https:\/\/api.w.org\/{rel}","templated":true}]}}