{"id":5626,"date":"2022-08-26T14:17:06","date_gmt":"2022-08-26T18:17:06","guid":{"rendered":"https:\/\/henryjaustin.org\/?page_id=5626"},"modified":"2022-10-10T14:35:36","modified_gmt":"2022-10-10T18:35:36","slug":"pharmacists-in-prove-diabetes-outcomes","status":"publish","type":"page","link":"https:\/\/henryjaustin.org\/es\/pharmacists-in-prove-diabetes-outcomes\/","title":{"rendered":"El farmac\u00e9utico en la prueba de los resultados de la diabetes"},"content":{"rendered":"<div class=\"wpb-content-wrapper\"><div class=\"webique_vc_row_wrap webique_general_colors\"><div class=\"vc_row wpb_row vc_row-fluid\"><div class=\"wpb_column vc_column_container vc_col-sm-8\"><div class=\"vc_column-inner\"><div class=\"wpb_wrapper\">\n\t<div class=\"wpb_text_column wpb_content_element\" >\n\t\t<div class=\"wpb_wrapper\">\n\t\t\t<h4><span data-contrast=\"none\">Los farmac\u00e9uticos mejoran los resultados de la diabetes: un ensayo controlado aleatorio.<\/span> <i><span data-contrast=\"none\">Revista de la Asociaci\u00f3n Americana de Farmac\u00e9uticos<\/span><\/i><span data-contrast=\"none\">62, no. 3 (2022): 775-782.<\/span><span data-ccp-props=\"{&quot;201341983&quot;:0,&quot;335559739&quot;:160,&quot;335559740&quot;:259}\">\u00a0<\/span><\/h4>\n<p><b><span data-contrast=\"none\">Los autores:<\/span><\/b><span data-contrast=\"none\"> Wagner, Mary L., <\/span><b><span data-contrast=\"none\">Caitlin McCarthy, M. Thomas Bateman<\/span><\/b><span data-contrast=\"none\">Daniel Simmons y Katherine M. Prioli<\/span><span data-ccp-props=\"{&quot;201341983&quot;:0,&quot;335559739&quot;:160,&quot;335559740&quot;:259}\">\u00a0<\/span><\/p>\n<p aria-level=\"2\"><b><span data-contrast=\"none\">Resumen<\/span><\/b><span data-ccp-props=\"{&quot;201341983&quot;:0,&quot;335559738&quot;:480,&quot;335559739&quot;:120,&quot;335559740&quot;:259}\">\u00a0<\/span><\/p>\n<p><span data-contrast=\"none\">Hay una creciente escasez de m\u00e9dicos de atenci\u00f3n primaria.<\/span><a href=\"https:\/\/www.sciencedirect.com\/topics\/nursing-and-health-professions\/pharmacist\"><span data-contrast=\"none\">Farmac\u00e9uticos<\/span><\/a><span data-contrast=\"none\">puede llenar el vac\u00edo, y<\/span><a href=\"https:\/\/www.sciencedirect.com\/topics\/nursing-and-health-professions\/interdisciplinary-team\"><span data-contrast=\"none\">equipos interdisciplinarios<\/span><\/a><span data-contrast=\"none\">se est\u00e1n evaluando como parte de<\/span><a href=\"https:\/\/www.sciencedirect.com\/topics\/nursing-and-health-professions\/health-care-policy\"><span data-contrast=\"none\">reforma sanitaria<\/span><\/a><span data-contrast=\"none\">.<\/span><span data-ccp-props=\"{&quot;134233117&quot;:false,&quot;134233118&quot;:false,&quot;201341983&quot;:0,&quot;335551550&quot;:6,&quot;335551620&quot;:6,&quot;335559738&quot;:0,&quot;335559739&quot;:0,&quot;335559740&quot;:240}\">\u00a0<\/span><span data-contrast=\"none\">Este estudio pretend\u00eda determinar si la incorporaci\u00f3n de un farmac\u00e9utico a un equipo sanitario interprofesional mejorar\u00eda los resultados de la diabetes.<\/span><span data-ccp-props=\"{&quot;134233117&quot;:false,&quot;134233118&quot;:false,&quot;201341983&quot;:0,&quot;335551550&quot;:6,&quot;335551620&quot;:6,&quot;335559738&quot;:0,&quot;335559739&quot;:240,&quot;335559740&quot;:240}\">\u00a0<\/span><\/p>\n<p><span data-contrast=\"none\">En este estudio piloto de dos fases, los pacientes diab\u00e9ticos que cumpl\u00edan los requisitos de Medicaid fueron asignados al azar para recibir<\/span><a href=\"https:\/\/www.sciencedirect.com\/topics\/nursing-and-health-professions\/health-care-quality\"><span data-contrast=\"none\">normas de atenci\u00f3n<\/span><\/a><span data-contrast=\"none\">(brazo de control) o la atenci\u00f3n est\u00e1ndar m\u00e1s la atenci\u00f3n de un farmac\u00e9utico (brazo de intervenci\u00f3n) durante 12 meses (fase 1). El resultado primario fue el cambio en<\/span><a href=\"https:\/\/www.sciencedirect.com\/topics\/nursing-and-health-professions\/glycosylated-hemoglobin\"><span data-contrast=\"none\">hemoglobina glicosilada<\/span><\/a><span data-contrast=\"none\">(A1C) desde el punto de partida. Los resultados secundarios incluyeron la identificaci\u00f3n y correcci\u00f3n de los problemas de terapia de medicaci\u00f3n (PTM) para las condiciones com\u00f3rbidas, la adherencia a las visitas de atenci\u00f3n preventiva,<\/span><a href=\"https:\/\/www.sciencedirect.com\/topics\/nursing-and-health-professions\/health-care-utilization\"><span data-contrast=\"none\">utilizaci\u00f3n de la asistencia sanitaria<\/span><\/a><span data-contrast=\"none\">Los pacientes del brazo de control que no alcanzaron una A1C &lt; 8% fueron elegidos para participar en la fase 2. Despu\u00e9s de la fase 1, los pacientes del brazo de control que no alcanzaron una A1C de &lt; 8% pudieron inscribirse en la fase 2, en la que recibieron tratamiento con un farmac\u00e9utico durante 6 meses.<\/span><span data-ccp-props=\"{&quot;134233117&quot;:false,&quot;134233118&quot;:false,&quot;201341983&quot;:0,&quot;335551550&quot;:6,&quot;335551620&quot;:6,&quot;335559738&quot;:0,&quot;335559739&quot;:240,&quot;335559740&quot;:240}\">\u00a0<\/span><\/p>\n<p><span data-contrast=\"none\">De los 239 pacientes inscritos, 122 completaron la fase 1. A los 12 meses, la media de A1C de los pacientes de la intervenci\u00f3n era de 1,85 puntos porcentuales (pp) por debajo del valor inicial, frente a los 0,94 pp del grupo de control (diferencia entre grupos de 0,91 pp;<\/span><i><span data-contrast=\"none\">P<\/span><\/i><span data-contrast=\"none\">= 0.0218). La mayor\u00eda de los pacientes de control (79%) que completaron la fase 1 y se inscribieron en la fase 2 mejoraron su A1C en m\u00e1s de 1 pp (<\/span><i><span data-contrast=\"none\">P<\/span><\/i><span data-contrast=\"none\">&lt; 0.01). Los farmac\u00e9uticos realizaron 806 visitas a pacientes e identificaron 2638 PTM. Los pacientes de la intervenci\u00f3n fueron m\u00e1s adherentes a las visitas de cuidados preventivos con nutrici\u00f3n (<\/span><i><span data-contrast=\"none\">P<\/span><\/i><span data-contrast=\"none\">= 0,043), oftalmolog\u00eda (<\/span><i><span data-contrast=\"none\">P<\/span><\/i><span data-contrast=\"none\">= 0,002), y odontolog\u00eda (<\/span><i><span data-contrast=\"none\">P<\/span><\/i><span data-contrast=\"none\">= 0.007). Para los pacientes de la intervenci\u00f3n, 78% calificaron su experiencia con el farmac\u00e9utico como excelente mientras que, para los pacientes de control, 37% calificaron su experiencia con su proveedor como excelente.<\/span><span data-ccp-props=\"{&quot;134233117&quot;:false,&quot;134233118&quot;:false,&quot;201341983&quot;:0,&quot;335551550&quot;:6,&quot;335551620&quot;:6,&quot;335559738&quot;:0,&quot;335559739&quot;:240,&quot;335559740&quot;:240}\">\u00a0<\/span><\/p>\n<p><span data-contrast=\"none\">La cogesti\u00f3n farmac\u00e9utica de los pacientes con diabetes puede mejorar significativamente el control de la glucosa y la satisfacci\u00f3n del paciente. Se utilizaron modelos de pago creativos para incluir a los farmac\u00e9uticos en el equipo interprofesional de atenci\u00f3n al paciente.<\/span><span data-ccp-props=\"{&quot;134233117&quot;:false,&quot;134233118&quot;:false,&quot;201341983&quot;:0,&quot;335551550&quot;:6,&quot;335551620&quot;:6,&quot;335559738&quot;:0,&quot;335559739&quot;:240,&quot;335559740&quot;:240}\">\u00a0<\/span><\/p>\n\n\t\t<\/div>\n\t<\/div>\n<\/div><\/div><\/div><div class=\"wpb_column vc_column_container vc_col-sm-4\"><div class=\"vc_column-inner\"><div class=\"wpb_wrapper\"><div  class=\"vc_wp_custommenu wpb_content_element\"><div class=\"widget widget_nav_menu\"><div class=\"menu-research-container\"><ul id=\"menu-research\" class=\"menu\"><li id=\"menu-item-5491\" class=\"menu-item menu-item-type-post_type menu-item-object-page menu-item-5491 webique_standard_menu\"><a href=\"https:\/\/henryjaustin.org\/es\/projects\/\"><span class=\"webique_nav_title_wrap\"><span class=\"webique_nav_title\">Proyectos<\/span><\/span><\/a><\/li>\n<li id=\"menu-item-5490\" class=\"menu-item menu-item-type-post_type menu-item-object-page menu-item-5490 webique_standard_menu\"><a href=\"https:\/\/henryjaustin.org\/es\/publications\/\"><span class=\"webique_nav_title_wrap\"><span class=\"webique_nav_title\">Publicaciones<\/span><\/span><\/a><\/li>\n<li id=\"menu-item-5618\" class=\"menu-item menu-item-type-custom menu-item-object-custom menu-item-has-children menu-item-5618 webique_standard_menu\"><a href=\"#\"><span class=\"webique_nav_title_wrap\"><span class=\"webique_nav_title\">IRB<\/span><\/span><\/a>\n<ul class=\"sub-menu\">\n\t<li id=\"menu-item-5492\" class=\"menu-item menu-item-type-post_type menu-item-object-page menu-item-5492\"><a href=\"https:\/\/henryjaustin.org\/es\/overview\/\"><span class=\"webique_nav_title_wrap\"><span class=\"webique_nav_title\">Resumen del IRB<\/span><\/span><\/a><\/li>\n\t<li id=\"menu-item-5489\" class=\"menu-item menu-item-type-post_type menu-item-object-page menu-item-5489\"><a href=\"https:\/\/henryjaustin.org\/es\/policies-and-review-process\/\"><span class=\"webique_nav_title_wrap\"><span class=\"webique_nav_title\">Pol\u00edticas y proceso de revisi\u00f3n<\/span><\/span><\/a><\/li>\n\t<li id=\"menu-item-5615\" class=\"menu-item menu-item-type-post_type menu-item-object-page menu-item-5615\"><a href=\"https:\/\/henryjaustin.org\/es\/irb-forms\/\"><span class=\"webique_nav_title_wrap\"><span class=\"webique_nav_title\">Solicitudes del CEI<\/span><\/span><\/a><\/li>\n<\/ul>\n<\/li>\n<\/ul><\/div><\/div><\/div><\/div><\/div><\/div><\/div><\/div><div class=\"webique_vc_row_wrap webique_general_colors\"><div class=\"vc_row wpb_row vc_row-fluid\"><div class=\"wpb_column vc_column_container vc_col-sm-12\"><div class=\"vc_column-inner\"><div class=\"wpb_wrapper\"><!-- start Icon Hover Effect Button -->\n\t\t<link id='font-awsome-css' href='https:\/\/henryjaustin.org\/wp-content\/plugins\/unlimited-addons-for-wpbakery-page-builder\/assets_libraries\/font-awsome\/css\/font-awesome.min.css' type='text\/css' rel='stylesheet' >\n\t\t<link id='uc_ac_assets_file_uc_icon_hover_effect_button_css_2868-css' href='https:\/\/henryjaustin.org\/wp-content\/uploads\/ac_assets\/uc_icon_hover_effect_button\/uc_icon_hover_effect_button.css' type='text\/css' rel='stylesheet' >\n\n\t\t\t<style type=\"text\/css\">\/* addon: Icon Hover Effect Button *\/\n\n.uc_icon_hover_effect_button .uc_container_holder .uc_color-5 {\n\tbackground:none;\n\n}\n\n<\/style>\n\n\t\t\t<div class=\"uc_icon_hover_effect_button\" >\n    \t<div class=\"uc_container_holder\" style=\"text-align:left;\">\n            <div class=\"uc_color-5\">\n                <a style=\"background: #823aa0;text-align:center;\" href=\"https:\/\/henryjaustin.org\/es\/publications\/\" class=\"uc_btn uc_btn-5 uc_btn-5a uc_icon-cart\" target=\"_self\"><i class=\"fa fa-reply\" aria-hidden=\"true\"><\/i><span>Volver a Publicaciones<\/span><\/a>\n            <\/div>  \n        <\/div>\n    <\/div>\n\t\t\t<!-- end Icon Hover Effect Button --><\/div><\/div><\/div><\/div><\/div>\n<\/div>","protected":false},"excerpt":{"rendered":"Los farmac\u00e9uticos mejoran los resultados de la diabetes: un ensayo controlado aleatorio. Journal of the American Pharmacists Association 62, no. 3 (2022): 775-782.  Autores: Wagner, Mary L., Caitlin McCarthy, M. Thomas Bateman, Daniel Simmons y Katherine M. Prioli Resumen Existe una escasez creciente de...","protected":false},"author":18,"featured_media":0,"parent":0,"menu_order":0,"comment_status":"closed","ping_status":"closed","template":"","meta":{"_acf_changed":false,"om_disable_all_campaigns":false,"_monsterinsights_skip_tracking":false,"_monsterinsights_sitenote_active":false,"_monsterinsights_sitenote_note":"","_monsterinsights_sitenote_category":0,"_uf_show_specific_survey":0,"_uf_disable_surveys":false,"footnotes":""},"class_list":["post-5626","page","type-page","status-publish","hentry"],"acf":[],"yoast_head":"<!-- This site is optimized with the Yoast SEO plugin v27.2 - https:\/\/yoast.com\/product\/yoast-seo-wordpress\/ -->\n<title>Pharmacist&#039;s in prove diabetes outcomes - Henry J. Austin Health Center<\/title>\n<meta name=\"robots\" content=\"index, follow, max-snippet:-1, max-image-preview:large, max-video-preview:-1\" \/>\n<link rel=\"canonical\" href=\"https:\/\/henryjaustin.org\/es\/pharmacists-in-prove-diabetes-outcomes\/\" \/>\n<meta property=\"og:locale\" content=\"es_MX\" \/>\n<meta property=\"og:type\" content=\"article\" \/>\n<meta property=\"og:title\" content=\"Pharmacist&#039;s in prove diabetes outcomes - Henry J. Austin Health Center\" \/>\n<meta property=\"og:url\" content=\"https:\/\/henryjaustin.org\/es\/pharmacists-in-prove-diabetes-outcomes\/\" \/>\n<meta property=\"og:site_name\" content=\"Henry J. Austin Health Center\" \/>\n<meta property=\"article:publisher\" content=\"https:\/\/www.facebook.com\/HJAHCNJ\/\" \/>\n<meta property=\"article:modified_time\" content=\"2022-10-10T18:35:36+00:00\" \/>\n<meta name=\"twitter:card\" content=\"summary_large_image\" \/>\n<meta name=\"twitter:site\" content=\"@HJAHC\" \/>\n<meta name=\"twitter:label1\" content=\"Tiempo de lectura\" \/>\n\t<meta name=\"twitter:data1\" content=\"2 minutos\" \/>\n<script type=\"application\/ld+json\" class=\"yoast-schema-graph\">{\"@context\":\"https:\/\/schema.org\",\"@graph\":[{\"@type\":\"WebPage\",\"@id\":\"https:\/\/henryjaustin.org\/pharmacists-in-prove-diabetes-outcomes\/\",\"url\":\"https:\/\/henryjaustin.org\/pharmacists-in-prove-diabetes-outcomes\/\",\"name\":\"Pharmacist's in prove diabetes outcomes - Henry J. Austin Health Center\",\"isPartOf\":{\"@id\":\"https:\/\/henryjaustin.org\/#website\"},\"datePublished\":\"2022-08-26T18:17:06+00:00\",\"dateModified\":\"2022-10-10T18:35:36+00:00\",\"breadcrumb\":{\"@id\":\"https:\/\/henryjaustin.org\/pharmacists-in-prove-diabetes-outcomes\/#breadcrumb\"},\"inLanguage\":\"es\",\"potentialAction\":[{\"@type\":\"ReadAction\",\"target\":[\"https:\/\/henryjaustin.org\/pharmacists-in-prove-diabetes-outcomes\/\"]}]},{\"@type\":\"BreadcrumbList\",\"@id\":\"https:\/\/henryjaustin.org\/pharmacists-in-prove-diabetes-outcomes\/#breadcrumb\",\"itemListElement\":[{\"@type\":\"ListItem\",\"position\":1,\"name\":\"Home\",\"item\":\"https:\/\/henryjaustin.org\/\"},{\"@type\":\"ListItem\",\"position\":2,\"name\":\"Pharmacist&#8217;s in prove diabetes outcomes\"}]},{\"@type\":\"WebSite\",\"@id\":\"https:\/\/henryjaustin.org\/#website\",\"url\":\"https:\/\/henryjaustin.org\/\",\"name\":\"Henry J. Austin Health Center\",\"description\":\"The Center for Wellness\",\"publisher\":{\"@id\":\"https:\/\/henryjaustin.org\/#organization\"},\"potentialAction\":[{\"@type\":\"SearchAction\",\"target\":{\"@type\":\"EntryPoint\",\"urlTemplate\":\"https:\/\/henryjaustin.org\/?s={search_term_string}\"},\"query-input\":{\"@type\":\"PropertyValueSpecification\",\"valueRequired\":true,\"valueName\":\"search_term_string\"}}],\"inLanguage\":\"es\"},{\"@type\":\"Organization\",\"@id\":\"https:\/\/henryjaustin.org\/#organization\",\"name\":\"Henry J. Austin Health Center\",\"url\":\"https:\/\/henryjaustin.org\/\",\"logo\":{\"@type\":\"ImageObject\",\"inLanguage\":\"es\",\"@id\":\"https:\/\/henryjaustin.org\/#\/schema\/logo\/image\/\",\"url\":\"https:\/\/henryjaustin.org\/wp-content\/uploads\/2020\/11\/hjahc.png\",\"contentUrl\":\"https:\/\/henryjaustin.org\/wp-content\/uploads\/2020\/11\/hjahc.png\",\"width\":512,\"height\":512,\"caption\":\"Henry J. Austin Health Center\"},\"image\":{\"@id\":\"https:\/\/henryjaustin.org\/#\/schema\/logo\/image\/\"},\"sameAs\":[\"https:\/\/www.facebook.com\/HJAHCNJ\/\",\"https:\/\/x.com\/HJAHC\",\"https:\/\/www.instagram.com\/hjahc\/\",\"https:\/\/www.linkedin.com\/company\/henry-j-austin-health-center\"]}]}<\/script>\n<!-- \/ Yoast SEO plugin. -->","yoast_head_json":{"title":"El farmac\u00e9utico demuestra los resultados de la diabetes - Henry J. Austin Health Center","robots":{"index":"index","follow":"follow","max-snippet":"max-snippet:-1","max-image-preview":"max-image-preview:large","max-video-preview":"max-video-preview:-1"},"canonical":"https:\/\/henryjaustin.org\/es\/pharmacists-in-prove-diabetes-outcomes\/","og_locale":"es_MX","og_type":"article","og_title":"Pharmacist's in prove diabetes outcomes - Henry J. Austin Health Center","og_url":"https:\/\/henryjaustin.org\/es\/pharmacists-in-prove-diabetes-outcomes\/","og_site_name":"Henry J. Austin Health Center","article_publisher":"https:\/\/www.facebook.com\/HJAHCNJ\/","article_modified_time":"2022-10-10T18:35:36+00:00","twitter_card":"summary_large_image","twitter_site":"@HJAHC","twitter_misc":{"Tiempo de lectura":"2 minutos"},"schema":{"@context":"https:\/\/schema.org","@graph":[{"@type":"WebPage","@id":"https:\/\/henryjaustin.org\/pharmacists-in-prove-diabetes-outcomes\/","url":"https:\/\/henryjaustin.org\/pharmacists-in-prove-diabetes-outcomes\/","name":"El farmac\u00e9utico demuestra los resultados de la diabetes - Henry J. Austin Health Center","isPartOf":{"@id":"https:\/\/henryjaustin.org\/#website"},"datePublished":"2022-08-26T18:17:06+00:00","dateModified":"2022-10-10T18:35:36+00:00","breadcrumb":{"@id":"https:\/\/henryjaustin.org\/pharmacists-in-prove-diabetes-outcomes\/#breadcrumb"},"inLanguage":"es","potentialAction":[{"@type":"ReadAction","target":["https:\/\/henryjaustin.org\/pharmacists-in-prove-diabetes-outcomes\/"]}]},{"@type":"BreadcrumbList","@id":"https:\/\/henryjaustin.org\/pharmacists-in-prove-diabetes-outcomes\/#breadcrumb","itemListElement":[{"@type":"ListItem","position":1,"name":"Home","item":"https:\/\/henryjaustin.org\/"},{"@type":"ListItem","position":2,"name":"Pharmacist&#8217;s in prove diabetes outcomes"}]},{"@type":"WebSite","@id":"https:\/\/henryjaustin.org\/#website","url":"https:\/\/henryjaustin.org\/","name":"Centro de Salud Henry J. Austin","description":"El Centro para el Bienestar","publisher":{"@id":"https:\/\/henryjaustin.org\/#organization"},"potentialAction":[{"@type":"SearchAction","target":{"@type":"EntryPoint","urlTemplate":"https:\/\/henryjaustin.org\/?s={search_term_string}"},"query-input":{"@type":"PropertyValueSpecification","valueRequired":true,"valueName":"search_term_string"}}],"inLanguage":"es"},{"@type":"Organization","@id":"https:\/\/henryjaustin.org\/#organization","name":"Centro de Salud Henry J. Austin","url":"https:\/\/henryjaustin.org\/","logo":{"@type":"ImageObject","inLanguage":"es","@id":"https:\/\/henryjaustin.org\/#\/schema\/logo\/image\/","url":"https:\/\/henryjaustin.org\/wp-content\/uploads\/2020\/11\/hjahc.png","contentUrl":"https:\/\/henryjaustin.org\/wp-content\/uploads\/2020\/11\/hjahc.png","width":512,"height":512,"caption":"Henry J. Austin Health Center"},"image":{"@id":"https:\/\/henryjaustin.org\/#\/schema\/logo\/image\/"},"sameAs":["https:\/\/www.facebook.com\/HJAHCNJ\/","https:\/\/x.com\/HJAHC","https:\/\/www.instagram.com\/hjahc\/","https:\/\/www.linkedin.com\/company\/henry-j-austin-health-center"]}]}},"_links":{"self":[{"href":"https:\/\/henryjaustin.org\/es\/wp-json\/wp\/v2\/pages\/5626","targetHints":{"allow":["GET"]}}],"collection":[{"href":"https:\/\/henryjaustin.org\/es\/wp-json\/wp\/v2\/pages"}],"about":[{"href":"https:\/\/henryjaustin.org\/es\/wp-json\/wp\/v2\/types\/page"}],"author":[{"embeddable":true,"href":"https:\/\/henryjaustin.org\/es\/wp-json\/wp\/v2\/users\/18"}],"replies":[{"embeddable":true,"href":"https:\/\/henryjaustin.org\/es\/wp-json\/wp\/v2\/comments?post=5626"}],"version-history":[{"count":0,"href":"https:\/\/henryjaustin.org\/es\/wp-json\/wp\/v2\/pages\/5626\/revisions"}],"wp:attachment":[{"href":"https:\/\/henryjaustin.org\/es\/wp-json\/wp\/v2\/media?parent=5626"}],"curies":[{"name":"wp","href":"https:\/\/api.w.org\/{rel}","templated":true}]}}