{"id":4552,"date":"2021-01-26T16:23:56","date_gmt":"2021-01-26T21:23:56","guid":{"rendered":"https:\/\/henryjaustin.org\/?page_id=4552"},"modified":"2026-01-28T09:54:13","modified_gmt":"2026-01-28T14:54:13","slug":"quality-improvement","status":"publish","type":"page","link":"https:\/\/henryjaustin.org\/es\/patient-guide\/quality-improvement\/","title":{"rendered":"Mejora de la calidad"},"content":{"rendered":"<div class=\"wpb-content-wrapper\"><div class=\"webique_vc_row_wrap webique_general_colors\"><div class=\"vc_row wpb_row vc_row-fluid\"><div class=\"wpb_column vc_column_container vc_col-sm-6\"><div class=\"vc_column-inner\"><div class=\"wpb_wrapper\"><div class=\"vc_empty_space\"   style=\"height: 32px\"><span class=\"vc_empty_space_inner\"><\/span><\/div>\n\t<div class=\"wpb_text_column wpb_content_element\" >\n\t\t<div class=\"wpb_wrapper\">\n\t\t\t<h3>La misi\u00f3n del Departamento de Mejora de la Calidad del Centro de Salud Henry J. Austin es impulsar servicios de atenci\u00f3n sanitaria de calidad que mejoren los resultados de salud deseados por los pacientes.<\/h3>\n<p>Como hogar m\u00e9dico centrado en el paciente, esto se consigue siguiendo las mejores pr\u00e1cticas para ofrecer una atenci\u00f3n continua y coordinada a nuestros pacientes. El Departamento de Mejora de la Calidad se centra en el dise\u00f1o proactivo de sistemas para alcanzar estos objetivos, utilizando el an\u00e1lisis de datos e incorpora comentarios clave del personal de primera l\u00ednea y de los pacientes para optimizar el dise\u00f1o de excelentes sistemas de prestaci\u00f3n de asistencia sanitaria.<\/p>\n\n\t\t<\/div>\n\t<\/div>\n<\/div><\/div><\/div><div class=\"wpb_column vc_column_container vc_col-sm-6\"><div class=\"vc_column-inner\"><div class=\"wpb_wrapper\">\n\t<div  class=\"wpb_single_image wpb_content_element vc_align_center wpb_content_element\">\n\t\t\n\t\t<figure class=\"wpb_wrapper vc_figure\">\n\t\t\t<div class=\"vc_single_image-wrapper   vc_box_border_grey\"><img decoding=\"async\" width=\"830\" height=\"494\" data-src=\"https:\/\/henryjaustin.org\/wp-content\/uploads\/2021\/01\/QI-Webpage-Model-e1611695816921-1024x609.png\" class=\"vc_single_image-img attachment-large lazyload\" alt=\"\" title=\"Modelo de p\u00e1gina web QI\" data-srcset=\"https:\/\/henryjaustin.org\/wp-content\/uploads\/2021\/01\/QI-Webpage-Model-e1611695816921-1024x609.png 1024w, https:\/\/henryjaustin.org\/wp-content\/uploads\/2021\/01\/QI-Webpage-Model-e1611695816921-300x178.png 300w, https:\/\/henryjaustin.org\/wp-content\/uploads\/2021\/01\/QI-Webpage-Model-e1611695816921-768x457.png 768w, https:\/\/henryjaustin.org\/wp-content\/uploads\/2021\/01\/QI-Webpage-Model-e1611695816921-16x10.png 16w, https:\/\/henryjaustin.org\/wp-content\/uploads\/2021\/01\/QI-Webpage-Model-e1611695816921-600x357.png 600w, https:\/\/henryjaustin.org\/wp-content\/uploads\/2021\/01\/QI-Webpage-Model-e1611695816921.png 1306w\" data-sizes=\"(max-width: 830px) 100vw, 830px\" src=\"data:image\/svg+xml;base64,PHN2ZyB3aWR0aD0iMSIgaGVpZ2h0PSIxIiB4bWxucz0iaHR0cDovL3d3dy53My5vcmcvMjAwMC9zdmciPjwvc3ZnPg==\" style=\"--smush-placeholder-width: 830px; --smush-placeholder-aspect-ratio: 830\/494;\" \/><\/div>\n\t\t<\/figure>\n\t<\/div>\n<\/div><\/div><\/div><\/div><\/div><div class=\"webique_vc_row_wrap webique_general_colors\"><div class=\"vc_row wpb_row vc_row-fluid\"><div class=\"wpb_column vc_column_container vc_col-sm-12\"><div class=\"vc_column-inner\"><div class=\"wpb_wrapper\">\n\t<div class=\"wpb_text_column wpb_content_element\" >\n\t\t<div class=\"wpb_wrapper\">\n\t\t\t<p>El Departamento de Mejora de la Calidad colabora con los proveedores m\u00e9dicos, la enfermer\u00eda y todos los dem\u00e1s departamentos del Centro de Salud Henry J. Austin para desarrollar soluciones integradas que mejoren la calidad de la atenci\u00f3n y el servicio. Utilizando los principios de los seis dominios de la calidad, el Henry J. Austin Health Center crea objetivos medibles para la organizaci\u00f3n que son:<\/p>\n<ul>\n<li><strong>Efectivo - <\/strong>Prestar servicios basados en conocimientos cient\u00edficos a todos los que puedan beneficiarse y abstenerse de prestarlos a quienes no puedan beneficiarse (evitar la infrautilizaci\u00f3n y la mala utilizaci\u00f3n, respectivamente).<\/li>\n<li><strong>Centrado en el paciente - <\/strong>Proporcionar una atenci\u00f3n que respete y responda a las preferencias, necesidades y valores individuales de los pacientes y garantizar que los valores de los pacientes gu\u00eden todas las decisiones cl\u00ednicas.<\/li>\n<li><strong>Oportuno - <\/strong>Reducir las esperas y los retrasos, a veces perjudiciales, tanto para los que reciben como para los que prestan la asistencia.<\/li>\n<li><strong>Eficiente - <\/strong>Evitar el despilfarro, incluido el de equipos, suministros, ideas y energ\u00eda.<\/li>\n<li><strong>Equitativo - <\/strong>Proporcionar una atenci\u00f3n que no var\u00ede en calidad debido a caracter\u00edsticas personales como el sexo, la etnia, la ubicaci\u00f3n geogr\u00e1fica y la situaci\u00f3n socioecon\u00f3mica.<\/li>\n<\/ul>\n<p>Queremos que se sienta seguro de que recibir\u00e1 la mejor atenci\u00f3n posible centrada en el paciente cuando nos visite.<\/p>\n\n\t\t<\/div>\n\t<\/div>\n\n\t<div class=\"wpb_text_column wpb_content_element\" >\n\t\t<div class=\"wpb_wrapper\">\n\t\t\t<h4><strong>2025 Quality and Affordable Care Data \u00a0<\/strong><\/h4>\n<p>Atendemos a todos los pacientes, independientemente de sus ingresos o de su seguro. Los descuentos para los servicios esenciales se ofrecen seg\u00fan una escala de tarifas ajustada al tama\u00f1o de la familia y a los ingresos. Nuestro personal administrativo puede ayudarle a solicitarlo, o puede llamarnos al 609-278-5900 para recibir m\u00e1s informaci\u00f3n.<\/p>\n\n\t\t<\/div>\n\t<\/div>\n<\/div><\/div><\/div><\/div><\/div><div class=\"webique_vc_row_wrap webique_general_colors\"><div class=\"vc_row wpb_row vc_row-fluid\"><div class=\"wpb_column vc_column_container vc_col-sm-4\"><div class=\"vc_column-inner\"><div class=\"wpb_wrapper\"><div class=\"webique_counter_shortcode wpb_content_element vc_clearfix\"><div id=\"webique_shortcode_697a22e096ba51_26441722\" class=\"webique_counter webique_alignment_center webique_position_center\"><div class=\"webique_counter_wrap\"><div class=\"webique_counter_out\"><div class=\"webique_counter_in\"><div class=\"webique_counter_data\"><span id=\"webique_counter_value_webique_shortcode_697a22e096ba51_26441722\" class=\"webique_counter_value webique_counter_value_inc\" data-start-value=\"1\" data-end-value=\"24255\" data-decimals=\"0\" data-decimals-sep=\".\" data-thousands-sep=\",\" data-duration=\"2\">0<\/span><\/div><div class=\"webique_counter_title\"><span>Pacientes<\/span><\/div><\/div><\/div><\/div><\/div><\/div><\/div><\/div><\/div><div class=\"wpb_column vc_column_container vc_col-sm-4\"><div class=\"vc_column-inner\"><div class=\"wpb_wrapper\"><div class=\"webique_counter_shortcode wpb_content_element vc_clearfix\"><div id=\"webique_shortcode_697a23004e2431_46454504\" class=\"webique_counter webique_alignment_center webique_position_center\"><div class=\"webique_counter_wrap\"><div class=\"webique_counter_out\"><div class=\"webique_counter_in\"><div class=\"webique_counter_data\"><span id=\"webique_counter_value_webique_shortcode_697a23004e2431_46454504\" class=\"webique_counter_value webique_counter_value_inc\" data-start-value=\"25000\" data-end-value=\"94150\" data-decimals=\"0\" data-decimals-sep=\".\" data-thousands-sep=\",\" data-duration=\"2\">0<\/span><\/div><div class=\"webique_counter_title\"><span>Visitas de pacientes<\/span><\/div><\/div><\/div><\/div><\/div><\/div><\/div><\/div><\/div><div class=\"wpb_column vc_column_container vc_col-sm-4\"><div class=\"vc_column-inner\"><div class=\"wpb_wrapper\"><div class=\"webique_counter_shortcode wpb_content_element vc_clearfix purple\"><div id=\"webique_shortcode_697a23099c3b58_70234731\" class=\"webique_counter webique_alignment_center webique_position_center\"><div class=\"webique_counter_wrap\"><div class=\"webique_counter_out\"><div class=\"webique_counter_in\"><div class=\"webique_counter_data\"><span id=\"webique_counter_value_webique_shortcode_697a23099c3b58_70234731\" class=\"webique_counter_value webique_counter_value_inc\" data-start-value=\"1\" data-end-value=\"4456\" data-decimals=\"0\" data-decimals-sep=\".\" data-thousands-sep=\",\" data-duration=\"2\">0<\/span><\/div><div class=\"webique_counter_title\"><span>Vacunas contra la gripe<\/span><\/div><\/div><\/div><\/div><\/div><\/div><\/div><\/div><\/div><\/div><\/div><div class=\"webique_vc_row_wrap webique_general_colors\"><div class=\"vc_row wpb_row vc_row-fluid\"><div class=\"wpb_column vc_column_container vc_col-sm-12\"><div class=\"vc_column-inner\"><div class=\"wpb_wrapper\"><div class=\"vc_empty_space\"   style=\"height: 64px\"><span class=\"vc_empty_space_inner\"><\/span><\/div><\/div><\/div><\/div><\/div><\/div><div class=\"webique_vc_row_wrap webique_general_colors\"><div class=\"vc_row wpb_row vc_row-fluid\"><div class=\"wpb_column vc_column_container vc_col-sm-4\"><div class=\"vc_column-inner\"><div class=\"wpb_wrapper\"><div  class= \"vc_pie_chart wpb_content_element webique_vc_pie_chart\" data-pie-value=\"50.1\" data-pie-label-value=\"50.1\" data-pie-units=\"%\" data-pie-color=\"#582c83\"><div class=\"wpb_wrapper\"><div class=\"vc_pie_wrapper\"><span class=\"vc_pie_chart_back\" style=\"border-color: #582c83\"><\/span><span class=\"vc_pie_chart_value\"><\/span><canvas width=\"101\" height=\"101\"><\/canvas><\/div><h4 class=\"wpb_heading wpb_pie_chart_heading\">Hipertensi\u00f3n Control de la hipertensi\u00f3n<\/h4><\/div><\/div><\/div><\/div><\/div><div class=\"wpb_column vc_column_container vc_col-sm-4\"><div class=\"vc_column-inner\"><div class=\"wpb_wrapper\"><div  class= \"vc_pie_chart wpb_content_element webique_vc_pie_chart\" data-pie-value=\"53\" data-pie-label-value=\"53\" data-pie-units=\"%\" data-pie-color=\"#f68d2e\"><div class=\"wpb_wrapper\"><div class=\"vc_pie_wrapper\"><span class=\"vc_pie_chart_back\" style=\"border-color: #f68d2e\"><\/span><span class=\"vc_pie_chart_value\"><\/span><canvas width=\"101\" height=\"101\"><\/canvas><\/div><h4 class=\"wpb_heading wpb_pie_chart_heading\">Pruebas de detecci\u00f3n del c\u00e1ncer de cuello de \u00fatero<\/h4><\/div><\/div><\/div><\/div><\/div><div class=\"wpb_column vc_column_container vc_col-sm-4\"><div class=\"vc_column-inner\"><div class=\"wpb_wrapper\"><div  class= \"vc_pie_chart wpb_content_element webique_vc_pie_chart\" data-pie-value=\"75\" data-pie-label-value=\"75\" data-pie-units=\"%\" data-pie-color=\"#84bd00\"><div class=\"wpb_wrapper\"><div class=\"vc_pie_wrapper\"><span class=\"vc_pie_chart_back\" style=\"border-color: #84bd00\"><\/span><span class=\"vc_pie_chart_value\"><\/span><canvas width=\"101\" height=\"101\"><\/canvas><\/div><h4 class=\"wpb_heading wpb_pie_chart_heading\">Examinado y tratado por depresi\u00f3n<\/h4><\/div><\/div><\/div><\/div><\/div><\/div><\/div><div class=\"webique_vc_row_wrap webique_general_colors\"><div class=\"vc_row wpb_row vc_row-fluid\"><div class=\"wpb_column vc_column_container vc_col-sm-12\"><div class=\"vc_column-inner\"><div class=\"wpb_wrapper\"><div class=\"vc_empty_space\"   style=\"height: 64px\"><span class=\"vc_empty_space_inner\"><\/span><\/div><div class=\"vc_btn3-container vc_btn3-center\" ><a class=\"webique_vc_btn webique_default_btn webique_default_btn_webique_shortcode_62c5a080adbd17_58348090\" href=\"https:\/\/henryjaustin.org\/es\/services\/\" title=\"\"><span class=\"webique_vc_btn_text\">Programar una cita<\/span><\/a><\/div><\/div><\/div><\/div><\/div><\/div>\n<\/div>","protected":false},"excerpt":{"rendered":"La misi\u00f3n del Departamento de Mejora de la Calidad del Centro de Salud Henry J. Austin es impulsar servicios de atenci\u00f3n m\u00e9dica de calidad que mejoren los resultados de salud deseados por los pacientes. Como un hogar m\u00e9dico centrado en el paciente, esto se hace siguiendo las mejores pr\u00e1cticas para proporcionar...","protected":false},"author":18,"featured_media":0,"parent":3230,"menu_order":0,"comment_status":"closed","ping_status":"closed","template":"","meta":{"_acf_changed":false,"_monsterinsights_skip_tracking":false,"_monsterinsights_sitenote_active":false,"_monsterinsights_sitenote_note":"","_monsterinsights_sitenote_category":0,"footnotes":""},"class_list":["post-4552","page","type-page","status-publish","hentry"],"acf":[],"yoast_head":"<!-- This site is optimized with the Yoast SEO plugin v27.4 - https:\/\/yoast.com\/product\/yoast-seo-wordpress\/ -->\n<title>Quality Improvement - Henry J. Austin Health Center<\/title>\n<meta name=\"robots\" content=\"index, follow, max-snippet:-1, max-image-preview:large, max-video-preview:-1\" \/>\n<link rel=\"canonical\" href=\"https:\/\/henryjaustin.org\/es\/patient-guide\/quality-improvement\/\" \/>\n<meta property=\"og:locale\" content=\"es_MX\" \/>\n<meta property=\"og:type\" content=\"article\" \/>\n<meta property=\"og:title\" content=\"Quality Improvement - Henry J. Austin Health Center\" \/>\n<meta property=\"og:url\" content=\"https:\/\/henryjaustin.org\/es\/patient-guide\/quality-improvement\/\" \/>\n<meta property=\"og:site_name\" content=\"Henry J. Austin Health Center\" \/>\n<meta property=\"article:publisher\" content=\"https:\/\/www.facebook.com\/HJAHCNJ\/\" \/>\n<meta property=\"article:modified_time\" content=\"2026-01-28T14:54:13+00:00\" \/>\n<meta name=\"twitter:card\" content=\"summary_large_image\" \/>\n<meta name=\"twitter:site\" content=\"@HJAHC\" \/>\n<meta name=\"twitter:label1\" content=\"Tiempo de lectura\" \/>\n\t<meta name=\"twitter:data1\" content=\"2 minutos\" \/>\n<script type=\"application\/ld+json\" class=\"yoast-schema-graph\">{\"@context\":\"https:\\\/\\\/schema.org\",\"@graph\":[{\"@type\":\"WebPage\",\"@id\":\"https:\\\/\\\/henryjaustin.org\\\/patient-guide\\\/quality-improvement\\\/\",\"url\":\"https:\\\/\\\/henryjaustin.org\\\/patient-guide\\\/quality-improvement\\\/\",\"name\":\"Quality Improvement - Henry J. Austin Health Center\",\"isPartOf\":{\"@id\":\"https:\\\/\\\/henryjaustin.org\\\/#website\"},\"datePublished\":\"2021-01-26T21:23:56+00:00\",\"dateModified\":\"2026-01-28T14:54:13+00:00\",\"breadcrumb\":{\"@id\":\"https:\\\/\\\/henryjaustin.org\\\/patient-guide\\\/quality-improvement\\\/#breadcrumb\"},\"inLanguage\":\"es\",\"potentialAction\":[{\"@type\":\"ReadAction\",\"target\":[\"https:\\\/\\\/henryjaustin.org\\\/patient-guide\\\/quality-improvement\\\/\"]}]},{\"@type\":\"BreadcrumbList\",\"@id\":\"https:\\\/\\\/henryjaustin.org\\\/patient-guide\\\/quality-improvement\\\/#breadcrumb\",\"itemListElement\":[{\"@type\":\"ListItem\",\"position\":1,\"name\":\"Home\",\"item\":\"https:\\\/\\\/henryjaustin.org\\\/\"},{\"@type\":\"ListItem\",\"position\":2,\"name\":\"Patient Information\",\"item\":\"https:\\\/\\\/henryjaustin.org\\\/patient-guide\\\/\"},{\"@type\":\"ListItem\",\"position\":3,\"name\":\"Quality Improvement\"}]},{\"@type\":\"WebSite\",\"@id\":\"https:\\\/\\\/henryjaustin.org\\\/#website\",\"url\":\"https:\\\/\\\/henryjaustin.org\\\/\",\"name\":\"Henry J. Austin Health Center\",\"description\":\"The Center for Wellness\",\"publisher\":{\"@id\":\"https:\\\/\\\/henryjaustin.org\\\/#organization\"},\"potentialAction\":[{\"@type\":\"SearchAction\",\"target\":{\"@type\":\"EntryPoint\",\"urlTemplate\":\"https:\\\/\\\/henryjaustin.org\\\/?s={search_term_string}\"},\"query-input\":{\"@type\":\"PropertyValueSpecification\",\"valueRequired\":true,\"valueName\":\"search_term_string\"}}],\"inLanguage\":\"es\"},{\"@type\":\"Organization\",\"@id\":\"https:\\\/\\\/henryjaustin.org\\\/#organization\",\"name\":\"Henry J. Austin Health Center\",\"url\":\"https:\\\/\\\/henryjaustin.org\\\/\",\"logo\":{\"@type\":\"ImageObject\",\"inLanguage\":\"es\",\"@id\":\"https:\\\/\\\/henryjaustin.org\\\/#\\\/schema\\\/logo\\\/image\\\/\",\"url\":\"https:\\\/\\\/henryjaustin.org\\\/wp-content\\\/uploads\\\/2020\\\/11\\\/hjahc.png\",\"contentUrl\":\"https:\\\/\\\/henryjaustin.org\\\/wp-content\\\/uploads\\\/2020\\\/11\\\/hjahc.png\",\"width\":512,\"height\":512,\"caption\":\"Henry J. Austin Health Center\"},\"image\":{\"@id\":\"https:\\\/\\\/henryjaustin.org\\\/#\\\/schema\\\/logo\\\/image\\\/\"},\"sameAs\":[\"https:\\\/\\\/www.facebook.com\\\/HJAHCNJ\\\/\",\"https:\\\/\\\/x.com\\\/HJAHC\",\"https:\\\/\\\/www.instagram.com\\\/hjahc\\\/\",\"https:\\\/\\\/www.linkedin.com\\\/company\\\/henry-j-austin-health-center\"]}]}<\/script>\n<!-- \/ Yoast SEO plugin. -->","yoast_head_json":{"title":"Mejora de la calidad - Centro de Salud Henry J. Austin","robots":{"index":"index","follow":"follow","max-snippet":"max-snippet:-1","max-image-preview":"max-image-preview:large","max-video-preview":"max-video-preview:-1"},"canonical":"https:\/\/henryjaustin.org\/es\/patient-guide\/quality-improvement\/","og_locale":"es_MX","og_type":"article","og_title":"Quality Improvement - Henry J. Austin Health Center","og_url":"https:\/\/henryjaustin.org\/es\/patient-guide\/quality-improvement\/","og_site_name":"Henry J. Austin Health Center","article_publisher":"https:\/\/www.facebook.com\/HJAHCNJ\/","article_modified_time":"2026-01-28T14:54:13+00:00","twitter_card":"summary_large_image","twitter_site":"@HJAHC","twitter_misc":{"Tiempo de lectura":"2 minutos"},"schema":{"@context":"https:\/\/schema.org","@graph":[{"@type":"WebPage","@id":"https:\/\/henryjaustin.org\/patient-guide\/quality-improvement\/","url":"https:\/\/henryjaustin.org\/patient-guide\/quality-improvement\/","name":"Mejora de la calidad - Centro de Salud Henry J. Austin","isPartOf":{"@id":"https:\/\/henryjaustin.org\/#website"},"datePublished":"2021-01-26T21:23:56+00:00","dateModified":"2026-01-28T14:54:13+00:00","breadcrumb":{"@id":"https:\/\/henryjaustin.org\/patient-guide\/quality-improvement\/#breadcrumb"},"inLanguage":"es","potentialAction":[{"@type":"ReadAction","target":["https:\/\/henryjaustin.org\/patient-guide\/quality-improvement\/"]}]},{"@type":"BreadcrumbList","@id":"https:\/\/henryjaustin.org\/patient-guide\/quality-improvement\/#breadcrumb","itemListElement":[{"@type":"ListItem","position":1,"name":"Home","item":"https:\/\/henryjaustin.org\/"},{"@type":"ListItem","position":2,"name":"Patient Information","item":"https:\/\/henryjaustin.org\/patient-guide\/"},{"@type":"ListItem","position":3,"name":"Quality Improvement"}]},{"@type":"WebSite","@id":"https:\/\/henryjaustin.org\/#website","url":"https:\/\/henryjaustin.org\/","name":"Centro de Salud Henry J. Austin","description":"El Centro para el Bienestar","publisher":{"@id":"https:\/\/henryjaustin.org\/#organization"},"potentialAction":[{"@type":"SearchAction","target":{"@type":"EntryPoint","urlTemplate":"https:\/\/henryjaustin.org\/?s={search_term_string}"},"query-input":{"@type":"PropertyValueSpecification","valueRequired":true,"valueName":"search_term_string"}}],"inLanguage":"es"},{"@type":"Organization","@id":"https:\/\/henryjaustin.org\/#organization","name":"Centro de Salud Henry J. Austin","url":"https:\/\/henryjaustin.org\/","logo":{"@type":"ImageObject","inLanguage":"es","@id":"https:\/\/henryjaustin.org\/#\/schema\/logo\/image\/","url":"https:\/\/henryjaustin.org\/wp-content\/uploads\/2020\/11\/hjahc.png","contentUrl":"https:\/\/henryjaustin.org\/wp-content\/uploads\/2020\/11\/hjahc.png","width":512,"height":512,"caption":"Henry J. Austin Health Center"},"image":{"@id":"https:\/\/henryjaustin.org\/#\/schema\/logo\/image\/"},"sameAs":["https:\/\/www.facebook.com\/HJAHCNJ\/","https:\/\/x.com\/HJAHC","https:\/\/www.instagram.com\/hjahc\/","https:\/\/www.linkedin.com\/company\/henry-j-austin-health-center"]}]}},"_links":{"self":[{"href":"https:\/\/henryjaustin.org\/es\/wp-json\/wp\/v2\/pages\/4552","targetHints":{"allow":["GET"]}}],"collection":[{"href":"https:\/\/henryjaustin.org\/es\/wp-json\/wp\/v2\/pages"}],"about":[{"href":"https:\/\/henryjaustin.org\/es\/wp-json\/wp\/v2\/types\/page"}],"author":[{"embeddable":true,"href":"https:\/\/henryjaustin.org\/es\/wp-json\/wp\/v2\/users\/18"}],"replies":[{"embeddable":true,"href":"https:\/\/henryjaustin.org\/es\/wp-json\/wp\/v2\/comments?post=4552"}],"version-history":[{"count":0,"href":"https:\/\/henryjaustin.org\/es\/wp-json\/wp\/v2\/pages\/4552\/revisions"}],"up":[{"embeddable":true,"href":"https:\/\/henryjaustin.org\/es\/wp-json\/wp\/v2\/pages\/3230"}],"wp:attachment":[{"href":"https:\/\/henryjaustin.org\/es\/wp-json\/wp\/v2\/media?parent=4552"}],"curies":[{"name":"wp","href":"https:\/\/api.w.org\/{rel}","templated":true}]}}