{"id":4413,"date":"2021-01-12T09:56:10","date_gmt":"2021-01-12T14:56:10","guid":{"rendered":"https:\/\/henryjaustin.org\/?page_id=4413"},"modified":"2021-03-03T11:43:33","modified_gmt":"2021-03-03T16:43:33","slug":"thank-you","status":"publish","type":"page","link":"https:\/\/henryjaustin.org\/es\/thank-you\/","title":{"rendered":"Gracias."},"content":{"rendered":"<div class=\"wpb-content-wrapper\"><div class=\"webique_vc_row_wrap webique_general_colors\"><div class=\"vc_row wpb_row vc_row-fluid\"><div class=\"wpb_column vc_column_container vc_col-sm-12\"><div class=\"vc_column-inner\"><div class=\"wpb_wrapper\">\n\t<div class=\"wpb_text_column wpb_content_element\" >\n\t\t<div class=\"wpb_wrapper\">\n\t\t\t<h2 style=\"text-align: center;\">Gracias por su generoso apoyo.<\/h2>\n<h2 style=\"text-align: center;\">Por favor, compruebe su correo electr\u00f3nico para ver el acuse de recibo de su donaci\u00f3n ben\u00e9fica.<\/h2>\n\n\t\t<\/div>\n\t<\/div>\n<div class=\"vc_btn3-container vc_btn3-center\" ><a class=\"webique_vc_btn webique_default_btn webique_default_btn_webique_shortcode_603fbc7f76bd71_06446580\" href=\"https:\/\/henryjaustin.org\/es\/\" title=\"\"><span class=\"webique_vc_btn_text\">Volver a la p\u00e1gina de inicio<\/span><\/a><\/div><\/div><\/div><\/div><\/div><\/div>\n<\/div>","protected":false},"excerpt":{"rendered":"Gracias por su generoso apoyo. Por favor, compruebe su correo electr\u00f3nico para ver el acuse de recibo de su donaci\u00f3n ben\u00e9fica. Volver a la p\u00e1gina de inicio","protected":false},"author":2,"featured_media":0,"parent":0,"menu_order":31,"comment_status":"closed","ping_status":"closed","template":"","meta":{"_acf_changed":false,"om_disable_all_campaigns":false,"_monsterinsights_skip_tracking":false,"_monsterinsights_sitenote_active":false,"_monsterinsights_sitenote_note":"","_monsterinsights_sitenote_category":0,"_uf_show_specific_survey":0,"_uf_disable_surveys":false,"footnotes":""},"class_list":["post-4413","page","type-page","status-publish","hentry"],"acf":[],"yoast_head":"<!-- This site is optimized with the Yoast SEO plugin v27.3 - https:\/\/yoast.com\/product\/yoast-seo-wordpress\/ -->\n<title>Thank you! - Henry J. Austin Health Center<\/title>\n<meta name=\"robots\" content=\"index, follow, max-snippet:-1, max-image-preview:large, max-video-preview:-1\" \/>\n<link rel=\"canonical\" href=\"https:\/\/henryjaustin.org\/es\/thank-you\/\" \/>\n<meta property=\"og:locale\" content=\"es_MX\" \/>\n<meta property=\"og:type\" content=\"article\" \/>\n<meta property=\"og:title\" content=\"Thank you! - Henry J. Austin Health Center\" \/>\n<meta property=\"og:url\" content=\"https:\/\/henryjaustin.org\/es\/thank-you\/\" \/>\n<meta property=\"og:site_name\" content=\"Henry J. Austin Health Center\" \/>\n<meta property=\"article:publisher\" content=\"https:\/\/www.facebook.com\/HJAHCNJ\/\" \/>\n<meta property=\"article:modified_time\" content=\"2021-03-03T16:43:33+00:00\" \/>\n<meta name=\"twitter:card\" content=\"summary_large_image\" \/>\n<meta name=\"twitter:site\" content=\"@HJAHC\" \/>\n<meta name=\"twitter:label1\" content=\"Tiempo de lectura\" \/>\n\t<meta name=\"twitter:data1\" content=\"1 minuto\" \/>\n<script type=\"application\/ld+json\" class=\"yoast-schema-graph\">{\"@context\":\"https:\\\/\\\/schema.org\",\"@graph\":[{\"@type\":\"WebPage\",\"@id\":\"https:\\\/\\\/henryjaustin.org\\\/thank-you\\\/\",\"url\":\"https:\\\/\\\/henryjaustin.org\\\/thank-you\\\/\",\"name\":\"Thank you! - Henry J. Austin Health Center\",\"isPartOf\":{\"@id\":\"https:\\\/\\\/henryjaustin.org\\\/#website\"},\"datePublished\":\"2021-01-12T14:56:10+00:00\",\"dateModified\":\"2021-03-03T16:43:33+00:00\",\"breadcrumb\":{\"@id\":\"https:\\\/\\\/henryjaustin.org\\\/thank-you\\\/#breadcrumb\"},\"inLanguage\":\"es\",\"potentialAction\":[{\"@type\":\"ReadAction\",\"target\":[\"https:\\\/\\\/henryjaustin.org\\\/thank-you\\\/\"]}]},{\"@type\":\"BreadcrumbList\",\"@id\":\"https:\\\/\\\/henryjaustin.org\\\/thank-you\\\/#breadcrumb\",\"itemListElement\":[{\"@type\":\"ListItem\",\"position\":1,\"name\":\"Home\",\"item\":\"https:\\\/\\\/henryjaustin.org\\\/\"},{\"@type\":\"ListItem\",\"position\":2,\"name\":\"Thank you!\"}]},{\"@type\":\"WebSite\",\"@id\":\"https:\\\/\\\/henryjaustin.org\\\/#website\",\"url\":\"https:\\\/\\\/henryjaustin.org\\\/\",\"name\":\"Henry J. Austin Health Center\",\"description\":\"The Center for Wellness\",\"publisher\":{\"@id\":\"https:\\\/\\\/henryjaustin.org\\\/#organization\"},\"potentialAction\":[{\"@type\":\"SearchAction\",\"target\":{\"@type\":\"EntryPoint\",\"urlTemplate\":\"https:\\\/\\\/henryjaustin.org\\\/?s={search_term_string}\"},\"query-input\":{\"@type\":\"PropertyValueSpecification\",\"valueRequired\":true,\"valueName\":\"search_term_string\"}}],\"inLanguage\":\"es\"},{\"@type\":\"Organization\",\"@id\":\"https:\\\/\\\/henryjaustin.org\\\/#organization\",\"name\":\"Henry J. Austin Health Center\",\"url\":\"https:\\\/\\\/henryjaustin.org\\\/\",\"logo\":{\"@type\":\"ImageObject\",\"inLanguage\":\"es\",\"@id\":\"https:\\\/\\\/henryjaustin.org\\\/#\\\/schema\\\/logo\\\/image\\\/\",\"url\":\"https:\\\/\\\/henryjaustin.org\\\/wp-content\\\/uploads\\\/2020\\\/11\\\/hjahc.png\",\"contentUrl\":\"https:\\\/\\\/henryjaustin.org\\\/wp-content\\\/uploads\\\/2020\\\/11\\\/hjahc.png\",\"width\":512,\"height\":512,\"caption\":\"Henry J. Austin Health Center\"},\"image\":{\"@id\":\"https:\\\/\\\/henryjaustin.org\\\/#\\\/schema\\\/logo\\\/image\\\/\"},\"sameAs\":[\"https:\\\/\\\/www.facebook.com\\\/HJAHCNJ\\\/\",\"https:\\\/\\\/x.com\\\/HJAHC\",\"https:\\\/\\\/www.instagram.com\\\/hjahc\\\/\",\"https:\\\/\\\/www.linkedin.com\\\/company\\\/henry-j-austin-health-center\"]}]}<\/script>\n<!-- \/ Yoast SEO plugin. -->","yoast_head_json":{"title":"Thank you! - Henry J. Austin Health Center","robots":{"index":"index","follow":"follow","max-snippet":"max-snippet:-1","max-image-preview":"max-image-preview:large","max-video-preview":"max-video-preview:-1"},"canonical":"https:\/\/henryjaustin.org\/es\/thank-you\/","og_locale":"es_MX","og_type":"article","og_title":"Thank you! - Henry J. Austin Health Center","og_url":"https:\/\/henryjaustin.org\/es\/thank-you\/","og_site_name":"Henry J. Austin Health Center","article_publisher":"https:\/\/www.facebook.com\/HJAHCNJ\/","article_modified_time":"2021-03-03T16:43:33+00:00","twitter_card":"summary_large_image","twitter_site":"@HJAHC","twitter_misc":{"Tiempo de lectura":"1 minuto"},"schema":{"@context":"https:\/\/schema.org","@graph":[{"@type":"WebPage","@id":"https:\/\/henryjaustin.org\/thank-you\/","url":"https:\/\/henryjaustin.org\/thank-you\/","name":"Thank you! - Henry J. Austin Health Center","isPartOf":{"@id":"https:\/\/henryjaustin.org\/#website"},"datePublished":"2021-01-12T14:56:10+00:00","dateModified":"2021-03-03T16:43:33+00:00","breadcrumb":{"@id":"https:\/\/henryjaustin.org\/thank-you\/#breadcrumb"},"inLanguage":"es","potentialAction":[{"@type":"ReadAction","target":["https:\/\/henryjaustin.org\/thank-you\/"]}]},{"@type":"BreadcrumbList","@id":"https:\/\/henryjaustin.org\/thank-you\/#breadcrumb","itemListElement":[{"@type":"ListItem","position":1,"name":"Home","item":"https:\/\/henryjaustin.org\/"},{"@type":"ListItem","position":2,"name":"Thank you!"}]},{"@type":"WebSite","@id":"https:\/\/henryjaustin.org\/#website","url":"https:\/\/henryjaustin.org\/","name":"Centro de Salud Henry J. Austin","description":"El Centro para el Bienestar","publisher":{"@id":"https:\/\/henryjaustin.org\/#organization"},"potentialAction":[{"@type":"SearchAction","target":{"@type":"EntryPoint","urlTemplate":"https:\/\/henryjaustin.org\/?s={search_term_string}"},"query-input":{"@type":"PropertyValueSpecification","valueRequired":true,"valueName":"search_term_string"}}],"inLanguage":"es"},{"@type":"Organization","@id":"https:\/\/henryjaustin.org\/#organization","name":"Centro de Salud Henry J. Austin","url":"https:\/\/henryjaustin.org\/","logo":{"@type":"ImageObject","inLanguage":"es","@id":"https:\/\/henryjaustin.org\/#\/schema\/logo\/image\/","url":"https:\/\/henryjaustin.org\/wp-content\/uploads\/2020\/11\/hjahc.png","contentUrl":"https:\/\/henryjaustin.org\/wp-content\/uploads\/2020\/11\/hjahc.png","width":512,"height":512,"caption":"Henry J. Austin Health Center"},"image":{"@id":"https:\/\/henryjaustin.org\/#\/schema\/logo\/image\/"},"sameAs":["https:\/\/www.facebook.com\/HJAHCNJ\/","https:\/\/x.com\/HJAHC","https:\/\/www.instagram.com\/hjahc\/","https:\/\/www.linkedin.com\/company\/henry-j-austin-health-center"]}]}},"_links":{"self":[{"href":"https:\/\/henryjaustin.org\/es\/wp-json\/wp\/v2\/pages\/4413","targetHints":{"allow":["GET"]}}],"collection":[{"href":"https:\/\/henryjaustin.org\/es\/wp-json\/wp\/v2\/pages"}],"about":[{"href":"https:\/\/henryjaustin.org\/es\/wp-json\/wp\/v2\/types\/page"}],"author":[{"embeddable":true,"href":"https:\/\/henryjaustin.org\/es\/wp-json\/wp\/v2\/users\/2"}],"replies":[{"embeddable":true,"href":"https:\/\/henryjaustin.org\/es\/wp-json\/wp\/v2\/comments?post=4413"}],"version-history":[{"count":0,"href":"https:\/\/henryjaustin.org\/es\/wp-json\/wp\/v2\/pages\/4413\/revisions"}],"wp:attachment":[{"href":"https:\/\/henryjaustin.org\/es\/wp-json\/wp\/v2\/media?parent=4413"}],"curies":[{"name":"wp","href":"https:\/\/api.w.org\/{rel}","templated":true}]}}