{"id":4053,"date":"2020-11-30T16:24:13","date_gmt":"2020-11-30T21:24:13","guid":{"rendered":"https:\/\/henryjaustin.org\/about-us-copy\/"},"modified":"2025-08-19T09:12:49","modified_gmt":"2025-08-19T13:12:49","slug":"about-us","status":"publish","type":"page","link":"https:\/\/henryjaustin.org\/es\/about-us\/","title":{"rendered":"Visi\u00f3n y Misi\u00f3n"},"content":{"rendered":"<div class=\"wpb-content-wrapper\"><div class=\"webique_vc_row_wrap webique_general_colors\"><div class=\"vc_row wpb_row vc_row-fluid inner-Pages\"><div class=\"left-Section wpb_column vc_column_container vc_col-sm-12\"><div class=\"vc_column-inner\"><div class=\"wpb_wrapper\">\n\t<div class=\"wpb_text_column wpb_content_element\" >\n\t\t<div class=\"wpb_wrapper\">\n\t\t\t<h4 class=\"translation-block\">La <strong><em>misi\u00f3n<\/em><\/strong> de Henry J. Austin Health Center, que se basa en el rico legado del <a href=\"https:\/\/henryjaustin.org\/es\/history\/\" target=\"_self\">Dr. Austin<\/a>, es ofrecer una atenci\u00f3n m\u00e9dica de alta calidad centrada en la persona. Nuestro equipo excepcional trabaja con nuestros socios de la comunidad y presta una atenci\u00f3n hol\u00edstica e informada especializada en trauma para maximizar las fortalezas y habilidades de cada persona y lograr una salud y un bienestar \u00f3ptimos. La <strong><em>visi\u00f3n<\/em><\/strong> de Henry J. Austin Health Center como un centro de bienestar es inspirar a nuestra comunidad a alcanzar su m\u00e1s alta calidad de vida.<\/h4>\n<p>Henry J. Austin Health Center es el proveedor de atenci\u00f3n ambulatoria no hospitalario m\u00e1s grande de Trenton, NJ, y entendemos la importancia de brindar atenci\u00f3n m\u00e9dica a una comunidad culturalmente diversa. Brindamos atenci\u00f3n hol\u00edstica informada sobre el trauma y nuestro enfoque en la atenci\u00f3n colaborativa multidisciplinaria incluye atenci\u00f3n primaria, atenci\u00f3n de salud conductual, atenci\u00f3n de salud oral y servicios de farmacia cl\u00ednica. Tambi\u00e9n entendemos que nuestra comunidad tiene necesidades complejas y, por lo tanto, ofrecemos servicios adicionales que respaldan los determinantes sociales de la salud, incluidos servicios como transporte, asistencia alimentaria, asistencia con medicamentos y servicios de traducci\u00f3n.<\/p>\n<p>Henry J. Austin Health Center cree que los siguientes valores son esenciales para brindar una atenci\u00f3n m\u00e9dica de alta calidad:<\/p>\n<p><strong>Integridad<\/strong><\/p>\n<p>La integridad es la base que fomenta las relaciones terap\u00e9uticas saludables que promueven la curaci\u00f3n. La integridad abarca la honestidad, el cumplimiento de la palabra y el respeto continuo  de los principios de profesionalidad, incluso cuando no es f\u00e1cil hacerlo.<\/p>\n<p><strong>Compasi\u00f3n<\/strong><\/p>\n<p>La compasi\u00f3n implica responder con amabilidad y sensibilidad a la vulnerabilidad y el sufrimiento de otras personas que pueden estar experimentando cambios aterradores en sus vidas, con la amenaza de perder su autonom\u00eda, su dignidad, el control sobre sus cuerpos y la direcci\u00f3n de sus vidas futuras.<\/p>\n<p><strong>Respeto<\/strong><\/p>\n<p>Respeto significa prestarle atenci\u00f3n a lo que los dem\u00e1s desean, darles informaci\u00f3n y permitirles participar en la planificaci\u00f3n y la toma de decisiones, tratarlos con dignidad y respeto, y permitirles tener opciones y control sobre sus vidas y los servicios que reciben.<\/p>\n<p><strong>Sensibilidad cultural<\/strong><\/p>\n<p>Ser culturalmente sensible se describe como la prestaci\u00f3n de cuidados que refleja \"la capacidad de responder apropiadamente a las actitudes, sentimientos o circunstancias de grupos de personas que comparten un patrimonio racial, nacional, religioso, ling\u00fc\u00edstico o cultural com\u00fan y distintivo\".<\/p>\n<p><strong>Calidad<\/strong><\/p>\n<p>La calidad es la medida en que los servicios de atenci\u00f3n m\u00e9dica prestados a las personas mejoran los resultados de salud deseados.<\/p>\n\n\t\t<\/div>\n\t<\/div>\n\n\t<div class=\"wpb_text_column wpb_content_element\" >\n\t\t<div class=\"wpb_wrapper\">\n\t\t\t<p>Henry J. Austin Health Center es un Centro de Salud Federalmente Calificado (FQHC). FQHC es una designaci\u00f3n federal de la Oficina de Atenci\u00f3n Primaria de Salud y el Centro de Servicios de Medicare y Medicaid que se asigna a organizaciones privadas sin fines de lucro o de atenci\u00f3n m\u00e9dica p\u00fablica que atienden predominantemente a poblaciones sin seguro o m\u00e9dicamente desatendidas. Los FQHC est\u00e1n ubicados y sirven a \u00e1reas\/ poblaci\u00f3n m\u00e9dicamente desatendidas designadas por el gobierno federal.<\/p>\n\n\t\t<\/div>\n\t<\/div>\n<\/div><\/div><\/div><\/div><\/div><div class=\"webique_vc_row_wrap webique_general_colors\"><div class=\"vc_row wpb_row vc_row-fluid vc_custom_1664203061746 vc_row-has-fill\"><div class=\"wpb_column vc_column_container vc_col-sm-12\"><div class=\"vc_column-inner\"><div class=\"wpb_wrapper\">\n\t<div class=\"wpb_text_column wpb_content_element vc_custom_1755609115392\" >\n\t\t<div class=\"wpb_wrapper\">\n\t\t\t<h2>Mirando al futuro<\/h2>\n<p>Con nuestra misi\u00f3n y visi\u00f3n en mente, el liderazgo de HJAHC y la Junta Directiva desarrollaron un an\u00e1lisis de Evaluaci\u00f3n de la Comunidad para entender mejor las necesidades de nuestra comunidad. Los resultados de la evaluaci\u00f3n permitieron a HJAHC desarrollar el Plan Estrat\u00e9gico 2025-2026.<\/p>\n\n\t\t<\/div>\n\t<\/div>\n<\/div><\/div><\/div><\/div><\/div><div class=\"webique_vc_row_wrap webique_general_colors\"><div class=\"vc_row wpb_row vc_row-fluid\"><div class=\"wpb_column vc_column_container vc_col-sm-6\"><div class=\"vc_column-inner\"><div class=\"wpb_wrapper\">\n\t<div class=\"wpb_raw_code wpb_raw_html wpb_content_element\" >\n\t\t<div class=\"wpb_wrapper\">\n\t\t\t<iframe data-src=\"https:\/\/player.flipsnack.com?hash=RUJGNkNCQkJEQzkreGplMTB3MjVzNA==\" width=\"100%\" height=\"480\" seamless=\"seamless\" scrolling=\"no\" frameborder=\"0\" allowfullscreen allow=\"autoplay; clipboard-read; clipboard-write\" src=\"data:image\/svg+xml;base64,PHN2ZyB3aWR0aD0iMSIgaGVpZ2h0PSIxIiB4bWxucz0iaHR0cDovL3d3dy53My5vcmcvMjAwMC9zdmciPjwvc3ZnPg==\" class=\"lazyload\" data-load-mode=\"1\"><\/iframe>\n\t\t<\/div>\n\t<\/div>\n<\/div><\/div><\/div><div class=\"wpb_column vc_column_container vc_col-sm-6\"><div class=\"vc_column-inner\"><div class=\"wpb_wrapper\"><div class=\"vc_empty_space\"   style=\"height: 150px\"><span class=\"vc_empty_space_inner\"><\/span><\/div>\n\t<div class=\"wpb_text_column wpb_content_element\" >\n\t\t<div class=\"wpb_wrapper\">\n\t\t\t<h2 style=\"text-align: center;\"><span class=\"TextRun SCXW35045809 BCX0\" lang=\"EN-US\" xml:lang=\"EN-US\" data-contrast=\"auto\"><span class=\"NormalTextRun SCXW35045809 BCX0\">Para acceder a nuestra evaluaci\u00f3n de necesidades, env\u00ede su solicitud por correo electr\u00f3nico a <\/span><\/span><a class=\"Hyperlink SCXW35045809 BCX0\" href=\"mailto:media@henryjaustin.org\" target=\"_blank\" rel=\"noreferrer noopener\"><span class=\"TextRun Underlined SCXW35045809 BCX0\" lang=\"EN-US\" xml:lang=\"EN-US\" data-contrast=\"none\"><span class=\"NormalTextRun SCXW35045809 BCX0\" data-ccp-charstyle=\"Hyperlink\">media@henryjaustin.org<\/span><\/span><\/a><span class=\"TextRun SCXW35045809 BCX0\" lang=\"EN-US\" xml:lang=\"EN-US\" data-contrast=\"auto\"><span class=\"NormalTextRun SCXW35045809 BCX0\">.<\/span><\/span><span class=\"EOP SCXW35045809 BCX0\" data-ccp-props=\"{}\">\u00a0<\/span><\/h2>\n\n\t\t<\/div>\n\t<\/div>\n<\/div><\/div><\/div><\/div><\/div>\n<\/div>","protected":false},"excerpt":{"rendered":"Bas\u00e1ndose en el rico legado del Dr. Austin, la misi\u00f3n del Centro de Salud Henry J. Austin es ofrecer una atenci\u00f3n sanitaria de alta calidad centrada en la persona. Trabajando con nuestros socios de la comunidad, nuestro excepcional equipo proporcionar\u00e1 atenci\u00f3n hol\u00edstica informada por el trauma para maximizar las fortalezas y habilidades de los individuos...","protected":false},"author":2,"featured_media":0,"parent":0,"menu_order":35,"comment_status":"closed","ping_status":"closed","template":"","meta":{"_acf_changed":false,"om_disable_all_campaigns":false,"_monsterinsights_skip_tracking":false,"_monsterinsights_sitenote_active":false,"_monsterinsights_sitenote_note":"","_monsterinsights_sitenote_category":0,"_uf_show_specific_survey":0,"_uf_disable_surveys":false,"footnotes":""},"class_list":["post-4053","page","type-page","status-publish","hentry"],"acf":[],"yoast_head":"<!-- This site is optimized with the Yoast SEO plugin v27.2 - https:\/\/yoast.com\/product\/yoast-seo-wordpress\/ -->\n<title>Vision and Mission - Henry J. Austin Health Center<\/title>\n<meta name=\"robots\" content=\"index, follow, max-snippet:-1, max-image-preview:large, max-video-preview:-1\" \/>\n<link rel=\"canonical\" href=\"https:\/\/henryjaustin.org\/es\/about-us\/\" \/>\n<meta property=\"og:locale\" content=\"es_MX\" \/>\n<meta property=\"og:type\" content=\"article\" \/>\n<meta property=\"og:title\" content=\"Vision and Mission - Henry J. Austin Health Center\" \/>\n<meta property=\"og:url\" content=\"https:\/\/henryjaustin.org\/es\/about-us\/\" \/>\n<meta property=\"og:site_name\" content=\"Henry J. Austin Health Center\" \/>\n<meta property=\"article:publisher\" content=\"https:\/\/www.facebook.com\/HJAHCNJ\/\" \/>\n<meta property=\"article:modified_time\" content=\"2025-08-19T13:12:49+00:00\" \/>\n<meta name=\"twitter:card\" content=\"summary_large_image\" \/>\n<meta name=\"twitter:site\" content=\"@HJAHC\" \/>\n<meta name=\"twitter:label1\" content=\"Tiempo de lectura\" \/>\n\t<meta name=\"twitter:data1\" content=\"3 minutos\" \/>\n<script type=\"application\/ld+json\" class=\"yoast-schema-graph\">{\"@context\":\"https:\/\/schema.org\",\"@graph\":[{\"@type\":\"WebPage\",\"@id\":\"https:\/\/henryjaustin.org\/about-us\/\",\"url\":\"https:\/\/henryjaustin.org\/about-us\/\",\"name\":\"Vision and Mission - Henry J. Austin Health Center\",\"isPartOf\":{\"@id\":\"https:\/\/henryjaustin.org\/#website\"},\"datePublished\":\"2020-11-30T21:24:13+00:00\",\"dateModified\":\"2025-08-19T13:12:49+00:00\",\"breadcrumb\":{\"@id\":\"https:\/\/henryjaustin.org\/about-us\/#breadcrumb\"},\"inLanguage\":\"es\",\"potentialAction\":[{\"@type\":\"ReadAction\",\"target\":[\"https:\/\/henryjaustin.org\/about-us\/\"]}]},{\"@type\":\"BreadcrumbList\",\"@id\":\"https:\/\/henryjaustin.org\/about-us\/#breadcrumb\",\"itemListElement\":[{\"@type\":\"ListItem\",\"position\":1,\"name\":\"Home\",\"item\":\"https:\/\/henryjaustin.org\/\"},{\"@type\":\"ListItem\",\"position\":2,\"name\":\"Vision and Mission\"}]},{\"@type\":\"WebSite\",\"@id\":\"https:\/\/henryjaustin.org\/#website\",\"url\":\"https:\/\/henryjaustin.org\/\",\"name\":\"Henry J. Austin Health Center\",\"description\":\"The Center for Wellness\",\"publisher\":{\"@id\":\"https:\/\/henryjaustin.org\/#organization\"},\"potentialAction\":[{\"@type\":\"SearchAction\",\"target\":{\"@type\":\"EntryPoint\",\"urlTemplate\":\"https:\/\/henryjaustin.org\/?s={search_term_string}\"},\"query-input\":{\"@type\":\"PropertyValueSpecification\",\"valueRequired\":true,\"valueName\":\"search_term_string\"}}],\"inLanguage\":\"es\"},{\"@type\":\"Organization\",\"@id\":\"https:\/\/henryjaustin.org\/#organization\",\"name\":\"Henry J. Austin Health Center\",\"url\":\"https:\/\/henryjaustin.org\/\",\"logo\":{\"@type\":\"ImageObject\",\"inLanguage\":\"es\",\"@id\":\"https:\/\/henryjaustin.org\/#\/schema\/logo\/image\/\",\"url\":\"https:\/\/henryjaustin.org\/wp-content\/uploads\/2020\/11\/hjahc.png\",\"contentUrl\":\"https:\/\/henryjaustin.org\/wp-content\/uploads\/2020\/11\/hjahc.png\",\"width\":512,\"height\":512,\"caption\":\"Henry J. Austin Health Center\"},\"image\":{\"@id\":\"https:\/\/henryjaustin.org\/#\/schema\/logo\/image\/\"},\"sameAs\":[\"https:\/\/www.facebook.com\/HJAHCNJ\/\",\"https:\/\/x.com\/HJAHC\",\"https:\/\/www.instagram.com\/hjahc\/\",\"https:\/\/www.linkedin.com\/company\/henry-j-austin-health-center\"]}]}<\/script>\n<!-- \/ Yoast SEO plugin. -->","yoast_head_json":{"title":"Visi\u00f3n y misi\u00f3n - Henry J. Austin Health Center","robots":{"index":"index","follow":"follow","max-snippet":"max-snippet:-1","max-image-preview":"max-image-preview:large","max-video-preview":"max-video-preview:-1"},"canonical":"https:\/\/henryjaustin.org\/es\/about-us\/","og_locale":"es_MX","og_type":"article","og_title":"Vision and Mission - Henry J. Austin Health Center","og_url":"https:\/\/henryjaustin.org\/es\/about-us\/","og_site_name":"Henry J. Austin Health Center","article_publisher":"https:\/\/www.facebook.com\/HJAHCNJ\/","article_modified_time":"2025-08-19T13:12:49+00:00","twitter_card":"summary_large_image","twitter_site":"@HJAHC","twitter_misc":{"Tiempo de lectura":"3 minutos"},"schema":{"@context":"https:\/\/schema.org","@graph":[{"@type":"WebPage","@id":"https:\/\/henryjaustin.org\/about-us\/","url":"https:\/\/henryjaustin.org\/about-us\/","name":"Visi\u00f3n y misi\u00f3n - Henry J. Austin Health Center","isPartOf":{"@id":"https:\/\/henryjaustin.org\/#website"},"datePublished":"2020-11-30T21:24:13+00:00","dateModified":"2025-08-19T13:12:49+00:00","breadcrumb":{"@id":"https:\/\/henryjaustin.org\/about-us\/#breadcrumb"},"inLanguage":"es","potentialAction":[{"@type":"ReadAction","target":["https:\/\/henryjaustin.org\/about-us\/"]}]},{"@type":"BreadcrumbList","@id":"https:\/\/henryjaustin.org\/about-us\/#breadcrumb","itemListElement":[{"@type":"ListItem","position":1,"name":"Home","item":"https:\/\/henryjaustin.org\/"},{"@type":"ListItem","position":2,"name":"Vision and Mission"}]},{"@type":"WebSite","@id":"https:\/\/henryjaustin.org\/#website","url":"https:\/\/henryjaustin.org\/","name":"Centro de Salud Henry J. Austin","description":"El Centro para el Bienestar","publisher":{"@id":"https:\/\/henryjaustin.org\/#organization"},"potentialAction":[{"@type":"SearchAction","target":{"@type":"EntryPoint","urlTemplate":"https:\/\/henryjaustin.org\/?s={search_term_string}"},"query-input":{"@type":"PropertyValueSpecification","valueRequired":true,"valueName":"search_term_string"}}],"inLanguage":"es"},{"@type":"Organization","@id":"https:\/\/henryjaustin.org\/#organization","name":"Centro de Salud Henry J. Austin","url":"https:\/\/henryjaustin.org\/","logo":{"@type":"ImageObject","inLanguage":"es","@id":"https:\/\/henryjaustin.org\/#\/schema\/logo\/image\/","url":"https:\/\/henryjaustin.org\/wp-content\/uploads\/2020\/11\/hjahc.png","contentUrl":"https:\/\/henryjaustin.org\/wp-content\/uploads\/2020\/11\/hjahc.png","width":512,"height":512,"caption":"Henry J. Austin Health Center"},"image":{"@id":"https:\/\/henryjaustin.org\/#\/schema\/logo\/image\/"},"sameAs":["https:\/\/www.facebook.com\/HJAHCNJ\/","https:\/\/x.com\/HJAHC","https:\/\/www.instagram.com\/hjahc\/","https:\/\/www.linkedin.com\/company\/henry-j-austin-health-center"]}]}},"_links":{"self":[{"href":"https:\/\/henryjaustin.org\/es\/wp-json\/wp\/v2\/pages\/4053","targetHints":{"allow":["GET"]}}],"collection":[{"href":"https:\/\/henryjaustin.org\/es\/wp-json\/wp\/v2\/pages"}],"about":[{"href":"https:\/\/henryjaustin.org\/es\/wp-json\/wp\/v2\/types\/page"}],"author":[{"embeddable":true,"href":"https:\/\/henryjaustin.org\/es\/wp-json\/wp\/v2\/users\/2"}],"replies":[{"embeddable":true,"href":"https:\/\/henryjaustin.org\/es\/wp-json\/wp\/v2\/comments?post=4053"}],"version-history":[{"count":0,"href":"https:\/\/henryjaustin.org\/es\/wp-json\/wp\/v2\/pages\/4053\/revisions"}],"wp:attachment":[{"href":"https:\/\/henryjaustin.org\/es\/wp-json\/wp\/v2\/media?parent=4053"}],"curies":[{"name":"wp","href":"https:\/\/api.w.org\/{rel}","templated":true}]}}