{"id":2846,"date":"2018-10-09T13:31:58","date_gmt":"2018-10-09T17:31:58","guid":{"rendered":"http:\/\/medique.webique-themes.com\/?page_id=10"},"modified":"2021-01-06T12:09:06","modified_gmt":"2021-01-06T17:09:06","slug":"services-bk","status":"publish","type":"page","link":"https:\/\/henryjaustin.org\/es\/services-bk\/","title":{"rendered":"\u00bfC\u00f3mo podemos ayudar?"},"content":{"rendered":"<div class=\"wpb-content-wrapper\"><div class=\"webique_vc_row_wrap webique_general_colors\"><div data-vc-full-width=\"true\" data-vc-full-width-init=\"false\" class=\"vc_row wpb_row vc_row-fluid vc_custom_1548892739480 vc_row-has-fill\"><div class=\"wpb_column vc_column_container vc_col-sm-6\"><div class=\"vc_column-inner\"><div class=\"wpb_wrapper\">\n\t<div class=\"wpb_text_column wpb_content_element\" >\n\t\t<div class=\"wpb_wrapper\">\n\t\t\t<h3>Registros m\u00e9dicos<\/h3>\n<div class=\"boxed\">\n<div id=\"lipsum\">\n<p>Nuestro concienzudo equipo de registro est\u00e1 aqu\u00ed para ayudarle con cualquier petici\u00f3n.<\/p>\n<\/div>\n<\/div>\n\n\t\t<\/div>\n\t<\/div>\n<div class=\"vc_btn3-container vc_btn3-inline\" ><a class=\"webique_vc_btn webique_default_btn webique_default_btn_webique_shortcode_5fc263c5e0b828_28649887\" href=\"https:\/\/henryjaustin.org\/es\/patient-guide\/medical-records\/\" title=\"Conozca m\u00e1s\" target=\"_blank\"><span class=\"webique_vc_btn_text\">Conozca m\u00e1s<\/span><\/a><\/div><\/div><\/div><\/div><div class=\"wpb_column vc_column_container vc_col-sm-6\"><div class=\"vc_column-inner\"><div class=\"wpb_wrapper\">\n\t<div class=\"wpb_text_column wpb_content_element\" >\n\t\t<div class=\"wpb_wrapper\">\n\t\t\t<h3>Portal del Paciente<\/h3>\n<div class=\"boxed\">\n<div id=\"lipsum\">\n<p>My Med Access le da la oportunidad de acceder a su expediente m\u00e9dico en l\u00ednea.<\/p>\n<\/div>\n<\/div>\n\n\t\t<\/div>\n\t<\/div>\n<div class=\"vc_btn3-container vc_btn3-inline\" ><a class=\"webique_vc_btn webique_default_btn webique_default_btn_webique_shortcode_5fc26416265b38_86686915\" href=\"https:\/\/henryjaustin.org\/es\/patient-guide\/my-med-patient-portal\/\" title=\"Conozca m\u00e1s\" target=\"_blank\"><span class=\"webique_vc_btn_text\">Conozca m\u00e1s<\/span><\/a><\/div><\/div><\/div><\/div><\/div><\/div><div class=\"vc_row-full-width vc_clearfix\"><\/div><div class=\"webique_vc_row_wrap webique_general_colors\"><div class=\"vc_row wpb_row vc_row-fluid\"><div class=\"wpb_column vc_column_container vc_col-sm-12\"><div class=\"vc_column-inner\"><div class=\"wpb_wrapper\"><h2 style=\"color: #0086ad;text-align: center\" class=\"vc_custom_heading vc_do_custom_heading\" >Nuestros servicios<\/h2>\n<div class=\"vc_grid-container-wrapper vc_clearfix\">\n\t<div class=\"vc_grid-container vc_clearfix wpb_content_element webique_services webique_vc_grid webique_services_info_under_img vc_masonry_grid\" data-initial-loading-animation=\"zoomIn\" data-vc-grid-settings=\"{&quot;page_id&quot;:2846,&quot;style&quot;:&quot;all-masonry&quot;,&quot;action&quot;:&quot;vc_get_vc_grid_data&quot;,&quot;shortcode_id&quot;:&quot;1607087756497-09a549da-dc0a-5&quot;,&quot;tag&quot;:&quot;webique_services&quot;}\" data-vc-request=\"https:\/\/henryjaustin.org\/wp-admin\/admin-ajax.php\" data-vc-post-id=\"2846\" data-vc-public-nonce=\"852b309fc7\">\n\t\t\n\t<\/div>\n<\/div><\/div><\/div><\/div><\/div><\/div><div class=\"webique_vc_row_wrap webique_general_colors\"><div data-vc-full-width=\"true\" data-vc-full-width-init=\"false\" class=\"vc_row wpb_row vc_row-fluid vc_custom_1585074728185 vc_row-has-fill vc_row-o-content-middle vc_row-flex\"><div class=\"wpb_column vc_column_container vc_col-sm-3\"><div class=\"vc_column-inner\"><div class=\"wpb_wrapper\"><\/div><\/div><\/div><div class=\"wpb_column vc_column_container vc_col-sm-6\"><div class=\"vc_column-inner\"><div class=\"wpb_wrapper\"><h3 style=\"font-size: 30px;color: #ffffff;line-height: 46px;text-align: center\" class=\"vc_custom_heading vc_do_custom_heading\" ><a href=\"tel:(609)%20278\u20135900\">\u00bfPreguntas?<\/a><\/h3>\n\t<div class=\"wpb_text_column wpb_content_element white\" >\n\t\t<div class=\"wpb_wrapper\">\n\t\t\t<h4>Si tiene preguntas, por favor consulte las p\u00e1ginas de cada servicio a trav\u00e9s de los enlaces m\u00e1s arriba o visite nuestra p\u00e1gina <a href=\"https:\/\/henryjaustin.org\/es\/faq\/\">Preguntas Frecuentes<\/a>. Para comunicarse con nuestro personal m\u00e9dico, incluso fuera de horario, por favor llame al <a href=\"tel:609-278\u20135900\">(609) 278\u20135900<\/a>.<\/h4>\n\n\t\t<\/div>\n\t<\/div>\n<\/div><\/div><\/div><div class=\"wpb_column vc_column_container vc_col-sm-3\"><div class=\"vc_column-inner\"><div class=\"wpb_wrapper\"><\/div><\/div><\/div><\/div><\/div><div class=\"vc_row-full-width vc_clearfix\"><\/div>\n<\/div>","protected":false},"excerpt":{"rendered":"Registros m\u00e9dicos Nuestro concienzudo equipo de mantenimiento de registros est\u00e1 aqu\u00ed para ayudarle con cualquier solicitud. Saber m\u00e1sPortal del Paciente My Med Access le da la oportunidad de acceder a su historial m\u00e9dico en l\u00ednea. M\u00e1s informaci\u00f3nNuestros servicios \u00bfPreguntas? Si tiene preguntas, por favor...","protected":false},"author":2,"featured_media":0,"parent":0,"menu_order":98,"comment_status":"closed","ping_status":"closed","template":"","meta":{"_acf_changed":false,"om_disable_all_campaigns":false,"_monsterinsights_skip_tracking":false,"_monsterinsights_sitenote_active":false,"_monsterinsights_sitenote_note":"","_monsterinsights_sitenote_category":0,"_uf_show_specific_survey":0,"_uf_disable_surveys":false,"footnotes":""},"class_list":["post-2846","page","type-page","status-publish","hentry"],"acf":[],"yoast_head":"<!-- This site is optimized with the Yoast SEO plugin v27.2 - https:\/\/yoast.com\/product\/yoast-seo-wordpress\/ -->\n<title>How Can We Help You? - Henry J. Austin Health Center<\/title>\n<meta name=\"robots\" content=\"index, follow, max-snippet:-1, max-image-preview:large, max-video-preview:-1\" \/>\n<link rel=\"canonical\" href=\"https:\/\/henryjaustin.org\/es\/services-bk\/\" \/>\n<meta property=\"og:locale\" content=\"es_MX\" \/>\n<meta property=\"og:type\" content=\"article\" \/>\n<meta property=\"og:title\" content=\"How Can We Help You? - Henry J. Austin Health Center\" \/>\n<meta property=\"og:url\" content=\"https:\/\/henryjaustin.org\/es\/services-bk\/\" \/>\n<meta property=\"og:site_name\" content=\"Henry J. Austin Health Center\" \/>\n<meta property=\"article:publisher\" content=\"https:\/\/www.facebook.com\/HJAHCNJ\/\" \/>\n<meta property=\"article:modified_time\" content=\"2021-01-06T17:09:06+00:00\" \/>\n<meta name=\"twitter:card\" content=\"summary_large_image\" \/>\n<meta name=\"twitter:site\" content=\"@HJAHC\" \/>\n<meta name=\"twitter:label1\" content=\"Tiempo de lectura\" \/>\n\t<meta name=\"twitter:data1\" content=\"1 minuto\" \/>\n<script type=\"application\/ld+json\" class=\"yoast-schema-graph\">{\"@context\":\"https:\/\/schema.org\",\"@graph\":[{\"@type\":\"WebPage\",\"@id\":\"https:\/\/henryjaustin.org\/services-bk\/\",\"url\":\"https:\/\/henryjaustin.org\/services-bk\/\",\"name\":\"How Can We Help You? - Henry J. Austin Health Center\",\"isPartOf\":{\"@id\":\"https:\/\/henryjaustin.org\/#website\"},\"datePublished\":\"2018-10-09T17:31:58+00:00\",\"dateModified\":\"2021-01-06T17:09:06+00:00\",\"breadcrumb\":{\"@id\":\"https:\/\/henryjaustin.org\/services-bk\/#breadcrumb\"},\"inLanguage\":\"es\",\"potentialAction\":[{\"@type\":\"ReadAction\",\"target\":[\"https:\/\/henryjaustin.org\/services-bk\/\"]}]},{\"@type\":\"BreadcrumbList\",\"@id\":\"https:\/\/henryjaustin.org\/services-bk\/#breadcrumb\",\"itemListElement\":[{\"@type\":\"ListItem\",\"position\":1,\"name\":\"Home\",\"item\":\"https:\/\/henryjaustin.org\/\"},{\"@type\":\"ListItem\",\"position\":2,\"name\":\"How Can We Help You?\"}]},{\"@type\":\"WebSite\",\"@id\":\"https:\/\/henryjaustin.org\/#website\",\"url\":\"https:\/\/henryjaustin.org\/\",\"name\":\"Henry J. Austin Health Center\",\"description\":\"The Center for Wellness\",\"publisher\":{\"@id\":\"https:\/\/henryjaustin.org\/#organization\"},\"potentialAction\":[{\"@type\":\"SearchAction\",\"target\":{\"@type\":\"EntryPoint\",\"urlTemplate\":\"https:\/\/henryjaustin.org\/?s={search_term_string}\"},\"query-input\":{\"@type\":\"PropertyValueSpecification\",\"valueRequired\":true,\"valueName\":\"search_term_string\"}}],\"inLanguage\":\"es\"},{\"@type\":\"Organization\",\"@id\":\"https:\/\/henryjaustin.org\/#organization\",\"name\":\"Henry J. Austin Health Center\",\"url\":\"https:\/\/henryjaustin.org\/\",\"logo\":{\"@type\":\"ImageObject\",\"inLanguage\":\"es\",\"@id\":\"https:\/\/henryjaustin.org\/#\/schema\/logo\/image\/\",\"url\":\"https:\/\/henryjaustin.org\/wp-content\/uploads\/2020\/11\/hjahc.png\",\"contentUrl\":\"https:\/\/henryjaustin.org\/wp-content\/uploads\/2020\/11\/hjahc.png\",\"width\":512,\"height\":512,\"caption\":\"Henry J. Austin Health Center\"},\"image\":{\"@id\":\"https:\/\/henryjaustin.org\/#\/schema\/logo\/image\/\"},\"sameAs\":[\"https:\/\/www.facebook.com\/HJAHCNJ\/\",\"https:\/\/x.com\/HJAHC\",\"https:\/\/www.instagram.com\/hjahc\/\",\"https:\/\/www.linkedin.com\/company\/henry-j-austin-health-center\"]}]}<\/script>\n<!-- \/ Yoast SEO plugin. -->","yoast_head_json":{"title":"\u00bfEn qu\u00e9 podemos ayudarle? - Centro de Salud Henry J. Austin","robots":{"index":"index","follow":"follow","max-snippet":"max-snippet:-1","max-image-preview":"max-image-preview:large","max-video-preview":"max-video-preview:-1"},"canonical":"https:\/\/henryjaustin.org\/es\/services-bk\/","og_locale":"es_MX","og_type":"article","og_title":"How Can We Help You? - Henry J. Austin Health Center","og_url":"https:\/\/henryjaustin.org\/es\/services-bk\/","og_site_name":"Henry J. Austin Health Center","article_publisher":"https:\/\/www.facebook.com\/HJAHCNJ\/","article_modified_time":"2021-01-06T17:09:06+00:00","twitter_card":"summary_large_image","twitter_site":"@HJAHC","twitter_misc":{"Tiempo de lectura":"1 minuto"},"schema":{"@context":"https:\/\/schema.org","@graph":[{"@type":"WebPage","@id":"https:\/\/henryjaustin.org\/services-bk\/","url":"https:\/\/henryjaustin.org\/services-bk\/","name":"\u00bfEn qu\u00e9 podemos ayudarle? - Centro de Salud Henry J. Austin","isPartOf":{"@id":"https:\/\/henryjaustin.org\/#website"},"datePublished":"2018-10-09T17:31:58+00:00","dateModified":"2021-01-06T17:09:06+00:00","breadcrumb":{"@id":"https:\/\/henryjaustin.org\/services-bk\/#breadcrumb"},"inLanguage":"es","potentialAction":[{"@type":"ReadAction","target":["https:\/\/henryjaustin.org\/services-bk\/"]}]},{"@type":"BreadcrumbList","@id":"https:\/\/henryjaustin.org\/services-bk\/#breadcrumb","itemListElement":[{"@type":"ListItem","position":1,"name":"Home","item":"https:\/\/henryjaustin.org\/"},{"@type":"ListItem","position":2,"name":"How Can We Help You?"}]},{"@type":"WebSite","@id":"https:\/\/henryjaustin.org\/#website","url":"https:\/\/henryjaustin.org\/","name":"Centro de Salud Henry J. Austin","description":"El Centro para el Bienestar","publisher":{"@id":"https:\/\/henryjaustin.org\/#organization"},"potentialAction":[{"@type":"SearchAction","target":{"@type":"EntryPoint","urlTemplate":"https:\/\/henryjaustin.org\/?s={search_term_string}"},"query-input":{"@type":"PropertyValueSpecification","valueRequired":true,"valueName":"search_term_string"}}],"inLanguage":"es"},{"@type":"Organization","@id":"https:\/\/henryjaustin.org\/#organization","name":"Centro de Salud Henry J. Austin","url":"https:\/\/henryjaustin.org\/","logo":{"@type":"ImageObject","inLanguage":"es","@id":"https:\/\/henryjaustin.org\/#\/schema\/logo\/image\/","url":"https:\/\/henryjaustin.org\/wp-content\/uploads\/2020\/11\/hjahc.png","contentUrl":"https:\/\/henryjaustin.org\/wp-content\/uploads\/2020\/11\/hjahc.png","width":512,"height":512,"caption":"Henry J. Austin Health Center"},"image":{"@id":"https:\/\/henryjaustin.org\/#\/schema\/logo\/image\/"},"sameAs":["https:\/\/www.facebook.com\/HJAHCNJ\/","https:\/\/x.com\/HJAHC","https:\/\/www.instagram.com\/hjahc\/","https:\/\/www.linkedin.com\/company\/henry-j-austin-health-center"]}]}},"_links":{"self":[{"href":"https:\/\/henryjaustin.org\/es\/wp-json\/wp\/v2\/pages\/2846","targetHints":{"allow":["GET"]}}],"collection":[{"href":"https:\/\/henryjaustin.org\/es\/wp-json\/wp\/v2\/pages"}],"about":[{"href":"https:\/\/henryjaustin.org\/es\/wp-json\/wp\/v2\/types\/page"}],"author":[{"embeddable":true,"href":"https:\/\/henryjaustin.org\/es\/wp-json\/wp\/v2\/users\/2"}],"replies":[{"embeddable":true,"href":"https:\/\/henryjaustin.org\/es\/wp-json\/wp\/v2\/comments?post=2846"}],"version-history":[{"count":0,"href":"https:\/\/henryjaustin.org\/es\/wp-json\/wp\/v2\/pages\/2846\/revisions"}],"wp:attachment":[{"href":"https:\/\/henryjaustin.org\/es\/wp-json\/wp\/v2\/media?parent=2846"}],"curies":[{"name":"wp","href":"https:\/\/api.w.org\/{rel}","templated":true}]}}